{"id":72,"date":"2011-04-06T21:57:06","date_gmt":"2011-04-06T19:57:06","guid":{"rendered":"https:\/\/www.kappadev.fr\/htt_old\/?page_id=72"},"modified":"2024-02-20T16:29:51","modified_gmt":"2024-02-20T16:29:51","slug":"allmountain","status":"publish","type":"page","link":"https:\/\/www.kappadev.fr\/htt_old\/allmountain\/","title":{"rendered":"BON CADEAU"},"content":{"rendered":"\n<h1 class=\"wp-block-heading\"><strong>BON CADEAU<\/strong><\/h1>\n\n\n\n<div style=\"height:20px\" aria-hidden=\"true\" class=\"wp-block-spacer\"><\/div>\n\n\n\n<p class=\"has-normal-font-size\">Vous souhaitez <strong>offrir un bon cadeau<\/strong> et faire d\u00e9couvrir les Orres et le <a href=\"https:\/\/www.kappadev.fr\/htt_old\/bike-park-les-orres\/\" target=\"_blank\" rel=\"noreferrer noopener\">Bike Park<\/a> \u00e0 un ami, votre \u00e9pouse ou encore un de vos enfants ? Vous \u00eates au bon endroit ! <strong>Objectif \u00ab\u00a0Faire Plaisir\u00a0\u00bb garanti !<\/strong><\/p>\n\n\n\n<p class=\"has-normal-font-size\"><a href=\"https:\/\/www.kappadev.fr\/htt_old\/contact\/\" target=\"_blank\" rel=\"noreferrer noopener\">Contactez-nous<\/a>, nous vous envoyons le bon du montant de votre choix et quelques goodies (autocollants et affiches). <\/p>\n\n\n\n<div style=\"height:20px\" aria-hidden=\"true\" class=\"wp-block-spacer\"><\/div>\n\n\n\n<figure class=\"wp-block-gallery has-nested-images columns-4 is-cropped wp-block-gallery-1 is-layout-flex wp-block-gallery-is-layout-flex\">\n<figure class=\"wp-block-image size-large\"><img loading=\"lazy\" decoding=\"async\" width=\"768\" height=\"1024\" data-id=\"2306\" src=\"https:\/\/www.kappadev.fr\/htt_old\/files\/2017\/03\/IMG_9085-1-e1588004512178-768x1024.jpg\" alt=\"\" class=\"wp-image-2306\" srcset=\"https:\/\/www.kappadev.fr\/htt_old\/files\/2017\/03\/IMG_9085-1-e1588004512178-768x1024.jpg 768w, https:\/\/www.kappadev.fr\/htt_old\/files\/2017\/03\/IMG_9085-1-e1588004512178-225x300.jpg 225w, https:\/\/www.kappadev.fr\/htt_old\/files\/2017\/03\/IMG_9085-1-e1588004512178-1152x1536.jpg 1152w, https:\/\/www.kappadev.fr\/htt_old\/files\/2017\/03\/IMG_9085-1-e1588004512178.jpg 1224w\" sizes=\"auto, (max-width: 768px) 100vw, 768px\" \/><\/figure>\n\n\n\n<figure class=\"wp-block-image size-large\"><img loading=\"lazy\" decoding=\"async\" width=\"1024\" height=\"878\" data-id=\"2204\" src=\"https:\/\/www.kappadev.fr\/htt_old\/files\/2016\/12\/florian-_Copie-1024x878.jpeg\" alt=\"\" class=\"wp-image-2204\" srcset=\"https:\/\/www.kappadev.fr\/htt_old\/files\/2016\/12\/florian-_Copie-1024x878.jpeg 1024w, https:\/\/www.kappadev.fr\/htt_old\/files\/2016\/12\/florian-_Copie-300x257.jpeg 300w, https:\/\/www.kappadev.fr\/htt_old\/files\/2016\/12\/florian-_Copie-768x658.jpeg 768w, https:\/\/www.kappadev.fr\/htt_old\/files\/2016\/12\/florian-_Copie.jpeg 1435w\" sizes=\"auto, (max-width: 1024px) 100vw, 1024px\" \/><\/figure>\n\n\n\n<figure class=\"wp-block-image size-large\"><img loading=\"lazy\" decoding=\"async\" width=\"1024\" height=\"683\" data-id=\"2267\" src=\"https:\/\/www.kappadev.fr\/htt_old\/files\/2017\/03\/sebbikeparkbd-1024x683.jpg\" alt=\"\" class=\"wp-image-2267\" srcset=\"https:\/\/www.kappadev.fr\/htt_old\/files\/2017\/03\/sebbikeparkbd-1024x683.jpg 1024w, https:\/\/www.kappadev.fr\/htt_old\/files\/2017\/03\/sebbikeparkbd-300x200.jpg 300w, https:\/\/www.kappadev.fr\/htt_old\/files\/2017\/03\/sebbikeparkbd-768x512.jpg 768w, https:\/\/www.kappadev.fr\/htt_old\/files\/2017\/03\/sebbikeparkbd.jpg 1299w\" sizes=\"auto, (max-width: 1024px) 100vw, 1024px\" \/><\/figure>\n\n\n\n<figure class=\"wp-block-image size-large\"><img loading=\"lazy\" decoding=\"async\" width=\"1024\" height=\"683\" data-id=\"2210\" src=\"https:\/\/www.kappadev.fr\/htt_old\/files\/2016\/12\/IMG_4344-1024x683.jpg\" alt=\"\" class=\"wp-image-2210\" srcset=\"https:\/\/www.kappadev.fr\/htt_old\/files\/2016\/12\/IMG_4344-1024x683.jpg 1024w, https:\/\/www.kappadev.fr\/htt_old\/files\/2016\/12\/IMG_4344-300x200.jpg 300w, https:\/\/www.kappadev.fr\/htt_old\/files\/2016\/12\/IMG_4344-768x512.jpg 768w\" sizes=\"auto, (max-width: 1024px) 100vw, 1024px\" \/><\/figure>\n\n\n\n<figure class=\"wp-block-image size-large\"><img loading=\"lazy\" decoding=\"async\" width=\"1024\" height=\"768\" data-id=\"2240\" src=\"https:\/\/www.kappadev.fr\/htt_old\/files\/2017\/03\/IMG_9030-1024x768.jpg\" alt=\"\" class=\"wp-image-2240\" srcset=\"https:\/\/www.kappadev.fr\/htt_old\/files\/2017\/03\/IMG_9030-1024x768.jpg 1024w, https:\/\/www.kappadev.fr\/htt_old\/files\/2017\/03\/IMG_9030-300x225.jpg 300w, https:\/\/www.kappadev.fr\/htt_old\/files\/2017\/03\/IMG_9030-768x576.jpg 768w\" sizes=\"auto, (max-width: 1024px) 100vw, 1024px\" \/><\/figure>\n<\/figure>\n","protected":false},"excerpt":{"rendered":"<p>BON CADEAU Vous souhaitez offrir un bon cadeau et faire d\u00e9couvrir les Orres et le Bike Park \u00e0 un ami, votre \u00e9pouse ou encore un de vos enfants ? Vous \u00eates au bon endroit ! Objectif \u00ab\u00a0Faire Plaisir\u00a0\u00bb garanti ! Contactez-nous, nous vous envoyons le bon du montant de votre choix et quelques goodies (autocollants et affiches).<\/p>\n","protected":false},"author":6,"featured_media":0,"parent":0,"menu_order":0,"comment_status":"closed","ping_status":"closed","template":"","meta":{"footnotes":""},"class_list":["post-72","page","type-page","status-publish","hentry"],"_links":{"self":[{"href":"https:\/\/www.kappadev.fr\/htt_old\/wp-json\/wp\/v2\/pages\/72","targetHints":{"allow":["GET"]}}],"collection":[{"href":"https:\/\/www.kappadev.fr\/htt_old\/wp-json\/wp\/v2\/pages"}],"about":[{"href":"https:\/\/www.kappadev.fr\/htt_old\/wp-json\/wp\/v2\/types\/page"}],"author":[{"embeddable":true,"href":"https:\/\/www.kappadev.fr\/htt_old\/wp-json\/wp\/v2\/users\/6"}],"replies":[{"embeddable":true,"href":"https:\/\/www.kappadev.fr\/htt_old\/wp-json\/wp\/v2\/comments?post=72"}],"version-history":[{"count":0,"href":"https:\/\/www.kappadev.fr\/htt_old\/wp-json\/wp\/v2\/pages\/72\/revisions"}],"wp:attachment":[{"href":"https:\/\/www.kappadev.fr\/htt_old\/wp-json\/wp\/v2\/media?parent=72"}],"curies":[{"name":"wp","href":"https:\/\/api.w.org\/{rel}","templated":true}]}}