{"id":391,"date":"2011-04-12T10:04:00","date_gmt":"2011-04-12T08:04:00","guid":{"rendered":"https:\/\/www.kappadev.fr\/htt_old\/?page_id=391"},"modified":"2022-03-19T14:54:53","modified_gmt":"2022-03-19T14:54:53","slug":"balade-familiale","status":"publish","type":"page","link":"https:\/\/www.kappadev.fr\/htt_old\/balade-familiale\/","title":{"rendered":"Balade Familiale"},"content":{"rendered":"\n<h1 class=\"wp-block-heading\" id=\"balade-en-famille\"><strong>BALADE EN FAMILLE<\/strong><\/h1>\n\n\n\n<div style=\"height:20px\" aria-hidden=\"true\" class=\"wp-block-spacer\"><\/div>\n\n\n\n<p class=\"has-normal-font-size\"><strong>Faire du v\u00e9lo en montagne, avec toute la famille, c\u2019est possible !<\/strong><\/p>\n\n\n\n<p class=\"has-normal-font-size\">Adapt\u00e9es pour tous, nos circuits de balades vous permettra de profiter de ce moment privil\u00e9gi\u00e9 en famille.&nbsp; Avec un <a href=\"https:\/\/www.kappadev.fr\/htt_old\/l-equipe-2\/\" target=\"_blank\" rel=\"noreferrer noopener\">moniteur <\/a>pour vous guider et vous conseiller selon votre niveau et l\u2019\u00e2ge de vos enfants.<\/p>\n\n\n\n<p class=\"has-normal-font-size\"><strong>Le petit +&nbsp;:<\/strong> nos navettes vous transportent directement sur le site de votre balade ! A d\u00e9part d\u2019Embrun, retrouvez-nous au niveau du magasin <a href=\"https:\/\/www.kappadev.fr\/htt_old\/les-partenaires\/\" target=\"_blank\" rel=\"noreferrer noopener\">Alpes 2 Roues<\/a>.<\/p>\n\n\n\n<p class=\"has-normal-font-size\"><strong>Vous avez un peu d\u2019avance&nbsp;?<\/strong> Profitez d\u2019un pump track pour vous \u00e9chauffer, au niveau du plan d\u2019eau, juste \u00e0 c\u00f4t\u00e9 des terrains de tennis&nbsp;!<\/p>\n\n\n\n<figure class=\"wp-block-embed aligncenter is-type-video is-provider-youtube wp-block-embed-youtube wp-embed-aspect-16-9 wp-has-aspect-ratio\"><div class=\"wp-block-embed__wrapper\">\n<iframe loading=\"lazy\" title=\"Vid\u00e9o souvenir - VTT  Randonn\u00e9e - Horizons Tout Terrains\" width=\"860\" height=\"484\" src=\"https:\/\/www.youtube.com\/embed\/Y7YfVjgk-Yc?feature=oembed\" frameborder=\"0\" allow=\"accelerometer; autoplay; encrypted-media; gyroscope; picture-in-picture\" allowfullscreen><\/iframe>\n<\/div><\/figure>\n\n\n\n<div style=\"height:20px\" aria-hidden=\"true\" class=\"wp-block-spacer\"><\/div>\n\n\n\n<p class=\"has-normal-font-size\"><strong>Dates :<\/strong> du 01\/05 au 30\/10<\/p>\n\n\n\n<p class=\"has-normal-font-size\"><strong>\u00c2ge :<\/strong> A partir de 7 ans<\/p>\n\n\n\n<p class=\"has-normal-font-size\"><strong>Tarifs pour la demi-journ\u00e9e :<\/strong><\/p>\n\n\n\n<ul class=\"wp-block-list\"><li>40\u20ac\/ personne \u00e0 partir de 4 participants<\/li><li>45\u20ac\/ personne si moins de 4 participants<\/li><\/ul>\n\n\n\n<div style=\"height:20px\" aria-hidden=\"true\" class=\"wp-block-spacer\"><\/div>\n\n\n\n<div class=\"wp-block-image\"><figure class=\"aligncenter size-large\"><a href=\"https:\/\/activiteez.com\/u\/72957525542005?minisitePref=classic&amp;summary=BALADE%20Famille%20d%C3%A9part%20Embrun%20RESA%20WEB&amp;noSearch=true&amp;hideCategory=true&amp;hideMap=false&amp;noTarget=true&amp;compact=false&amp;permanent=false&amp;category=vtt\" target=\"_blank\" rel=\"noopener noreferrer\"><img loading=\"lazy\" decoding=\"async\" width=\"243\" height=\"44\" src=\"https:\/\/www.kappadev.fr\/htt_old\/files\/2020\/04\/resa-bouton.png\" alt=\"\" class=\"wp-image-2607\" \/><\/a><\/figure><\/div>\n\n\n\n\n\n\n\n<div style=\"height:20px\" aria-hidden=\"true\" class=\"wp-block-spacer\"><\/div>\n\n\n\n<figure class=\"wp-block-gallery has-nested-images columns-4 is-cropped wp-block-gallery-1 is-layout-flex wp-block-gallery-is-layout-flex\">\n<figure class=\"wp-block-image size-large\"><img loading=\"lazy\" decoding=\"async\" width=\"750\" height=\"400\" data-id=\"734\" src=\"https:\/\/www.kappadev.fr\/htt_old\/files\/2011\/05\/Balade%2Bvalley_2.jpg\" alt=\"\" class=\"wp-image-734\" srcset=\"https:\/\/www.kappadev.fr\/htt_old\/files\/2011\/05\/Balade%2Bvalley_2.jpg 750w, https:\/\/www.kappadev.fr\/htt_old\/files\/2011\/05\/Balade%2Bvalley_2-300x160.jpg 300w\" sizes=\"auto, (max-width: 750px) 100vw, 750px\" \/><\/figure>\n\n\n\n<figure class=\"wp-block-image size-large\"><img decoding=\"async\" data-id=\"737\" src=\"https:\/\/www.kappadev.fr\/htt_old\/files\/2011\/05\/Balade%2Bvalley_5.jpg\" alt=\"\" class=\"wp-image-737\" \/><\/figure>\n\n\n\n<figure class=\"wp-block-image size-large\"><img loading=\"lazy\" decoding=\"async\" width=\"1024\" height=\"768\" data-id=\"2793\" src=\"https:\/\/www.kappadev.fr\/htt_old\/files\/2020\/04\/IMG_9298-1024x768.jpg\" alt=\"\" class=\"wp-image-2793\" srcset=\"https:\/\/www.kappadev.fr\/htt_old\/files\/2020\/04\/IMG_9298-1024x768.jpg 1024w, https:\/\/www.kappadev.fr\/htt_old\/files\/2020\/04\/IMG_9298-300x225.jpg 300w, https:\/\/www.kappadev.fr\/htt_old\/files\/2020\/04\/IMG_9298-768x576.jpg 768w, https:\/\/www.kappadev.fr\/htt_old\/files\/2020\/04\/IMG_9298-1536x1152.jpg 1536w, https:\/\/www.kappadev.fr\/htt_old\/files\/2020\/04\/IMG_9298-2048x1536.jpg 2048w\" sizes=\"auto, (max-width: 1024px) 100vw, 1024px\" \/><\/figure>\n\n\n\n<figure class=\"wp-block-image size-large\"><img loading=\"lazy\" decoding=\"async\" width=\"1024\" height=\"768\" data-id=\"2794\" src=\"https:\/\/www.kappadev.fr\/htt_old\/files\/2020\/04\/IMG_9296-1024x768.jpg\" alt=\"\" class=\"wp-image-2794\" srcset=\"https:\/\/www.kappadev.fr\/htt_old\/files\/2020\/04\/IMG_9296-1024x768.jpg 1024w, https:\/\/www.kappadev.fr\/htt_old\/files\/2020\/04\/IMG_9296-300x225.jpg 300w, https:\/\/www.kappadev.fr\/htt_old\/files\/2020\/04\/IMG_9296-768x576.jpg 768w, https:\/\/www.kappadev.fr\/htt_old\/files\/2020\/04\/IMG_9296-1536x1152.jpg 1536w, https:\/\/www.kappadev.fr\/htt_old\/files\/2020\/04\/IMG_9296-2048x1536.jpg 2048w\" sizes=\"auto, (max-width: 1024px) 100vw, 1024px\" \/><\/figure>\n\n\n\n<figure class=\"wp-block-image size-large\"><img loading=\"lazy\" decoding=\"async\" width=\"1024\" height=\"768\" data-id=\"2795\" src=\"https:\/\/www.kappadev.fr\/htt_old\/files\/2020\/04\/IMG_9283-1024x768.jpg\" alt=\"\" class=\"wp-image-2795\" srcset=\"https:\/\/www.kappadev.fr\/htt_old\/files\/2020\/04\/IMG_9283-1024x768.jpg 1024w, https:\/\/www.kappadev.fr\/htt_old\/files\/2020\/04\/IMG_9283-300x225.jpg 300w, https:\/\/www.kappadev.fr\/htt_old\/files\/2020\/04\/IMG_9283-768x576.jpg 768w, https:\/\/www.kappadev.fr\/htt_old\/files\/2020\/04\/IMG_9283-1536x1152.jpg 1536w, https:\/\/www.kappadev.fr\/htt_old\/files\/2020\/04\/IMG_9283-2048x1536.jpg 2048w\" sizes=\"auto, (max-width: 1024px) 100vw, 1024px\" \/><\/figure>\n<\/figure>\n","protected":false},"excerpt":{"rendered":"<p>BALADE EN FAMILLE Faire du v\u00e9lo en montagne, avec toute la famille, c\u2019est possible ! Adapt\u00e9es pour tous, nos circuits de balades vous permettra de profiter de ce moment privil\u00e9gi\u00e9 en famille.&nbsp; Avec un moniteur pour vous guider et vous conseiller selon votre niveau et l\u2019\u00e2ge de vos enfants. Le petit +&nbsp;: nos navettes vous transportent directement sur le site de votre balade ! A d\u00e9part d\u2019Embrun, retrouvez-nous au niveau du magasin Alpes 2 Roues. Vous avez un peu d\u2019avance&nbsp;? Profitez d\u2019un pump track pour vous \u00e9chauffer, au niveau du plan d\u2019eau, juste \u00e0 c\u00f4t\u00e9 des terrains de tennis&nbsp;! DatesRead more<\/p>\n","protected":false},"author":6,"featured_media":0,"parent":0,"menu_order":0,"comment_status":"closed","ping_status":"open","template":"","meta":{"footnotes":""},"class_list":["post-391","page","type-page","status-publish","hentry"],"_links":{"self":[{"href":"https:\/\/www.kappadev.fr\/htt_old\/wp-json\/wp\/v2\/pages\/391","targetHints":{"allow":["GET"]}}],"collection":[{"href":"https:\/\/www.kappadev.fr\/htt_old\/wp-json\/wp\/v2\/pages"}],"about":[{"href":"https:\/\/www.kappadev.fr\/htt_old\/wp-json\/wp\/v2\/types\/page"}],"author":[{"embeddable":true,"href":"https:\/\/www.kappadev.fr\/htt_old\/wp-json\/wp\/v2\/users\/6"}],"replies":[{"embeddable":true,"href":"https:\/\/www.kappadev.fr\/htt_old\/wp-json\/wp\/v2\/comments?post=391"}],"version-history":[{"count":0,"href":"https:\/\/www.kappadev.fr\/htt_old\/wp-json\/wp\/v2\/pages\/391\/revisions"}],"wp:attachment":[{"href":"https:\/\/www.kappadev.fr\/htt_old\/wp-json\/wp\/v2\/media?parent=391"}],"curies":[{"name":"wp","href":"https:\/\/api.w.org\/{rel}","templated":true}]}}