{"id":372,"date":"2011-04-12T09:40:07","date_gmt":"2011-04-12T09:40:07","guid":{"rendered":"https:\/\/www.kappadev.fr\/htt_old\/?page_id=372"},"modified":"2024-07-14T12:51:43","modified_gmt":"2024-07-14T12:51:43","slug":"rider-bike-park","status":"publish","type":"page","link":"https:\/\/www.kappadev.fr\/htt_old\/rider-bike-park\/","title":{"rendered":"Stage Rider Bike-Park"},"content":{"rendered":"\n<h1 class=\"wp-block-heading\"><strong>LES STAGES RIDERS : SUR LE BIKE PARK DES 10 ANS !<\/strong><\/h1>\n\n\n\n<div class=\"wp-block-spacer\" style=\"height: 20px\" aria-hidden=\"true\">\u00a0<\/div>\n\n\n\n<p class=\"has-normal-font-size\"><strong>Vos enfants et vous r\u00eavez de ride&nbsp;? L\u2019<a rel=\"noreferrer noopener\" href=\"https:\/\/www.kappadev.fr\/htt_old\/presentation-ecole\/\" target=\"_blank\">\u00e9cole de VTT Horizons Tout Terrain<\/a> vous permet d&rsquo;\u00e9voluer sur le Bike Park d\u00e8s le plus jeune \u00e2ge (<a rel=\"noreferrer noopener\" href=\"https:\/\/www.kappadev.fr\/htt_old\/stage-loupiot-4-a-7ans\/\" target=\"_blank\">d\u00e8s 4 ans<\/a>) ! Enfants, ados, adultes, il y a chez nous un v\u00e9lo adapt\u00e9 \u00e0 tous les niveaux physiques et techniques, coaching attentif et <a rel=\"noreferrer noopener\" href=\"https:\/\/www.kappadev.fr\/htt_old\/l-equipe-2\/\" target=\"_blank\">moniteurs rigoureux<\/a>. Vous trouverez forc\u00e9ment LA formule adapt\u00e9e&nbsp;!<\/strong><\/p>\n\n\n<div class=\"wp-block-image\">\n<figure class=\"aligncenter size-large\"><img decoding=\"async\" src=\"https:\/\/www.kappadev.fr\/htt_old\/files\/2020\/04\/IMG_3565-1024x768.jpg\" alt=\"\" class=\"wp-image-2875\" \/><\/figure>\n<\/div>\n\n\n<p class=\"has-text-align-center\"><strong>VOUS AVEZ VOTRE MATERIEL ? -20% de remise sur le tarif<\/strong><\/p>\n\n\n\n<div style=\"height:20px\" aria-hidden=\"true\" class=\"wp-block-spacer\"><\/div>\n\n\n\n<hr class=\"wp-block-separator has-css-opacity\" \/>\n\n\n\n<h3 class=\"wp-block-heading\"><strong>STAGE RIDER<\/strong> 5 demi journ\u00e9es<\/h3>\n\n\n\n<p class=\"has-normal-font-size\"><strong>Ca y est, nous voil\u00e0 enfin sur le <a href=\"https:\/\/www.kappadev.fr\/htt_old\/bike-park-les-orres\/\" target=\"_blank\" rel=\"noreferrer noopener\">Bike Park<\/a> ! Au programme : une semaine pour peaufiner la technique si particuli\u00e8re et ludique de la DH. Sur des pistes pr\u00e9par\u00e9es pour cette activit\u00e9, \u00e9voluez avec un mat\u00e9riel adapt\u00e9 et un <a href=\"https:\/\/www.kappadev.fr\/htt_old\/l-equipe-2\/\" target=\"_blank\" rel=\"noreferrer noopener\">moniteur sp\u00e9cialis\u00e9 dans la discipline<\/a>.<\/strong><\/p>\n\n\n\n<p class=\"has-normal-font-size\"><strong>Le petit + :<\/strong> vous conclurez votre stage avec le passage des <a href=\"https:\/\/www.moniteurcycliste.com\/tests-de-niveau\/rocket\" target=\"_blank\" rel=\"noreferrer noopener\">Rockets<\/a> ou <a href=\"https:\/\/www.moniteurcycliste.com\/tests-de-niveau\/gachette\" target=\"_blank\" rel=\"noreferrer noopener\">G\u00e2chettes<\/a>.<\/p>\n\n\n\n<p class=\"has-normal-font-size\"><strong>Dur\u00e9e&nbsp;:<\/strong> 5 demi-journ\u00e9es du lundi au vendredi (toutes les semaines de Juillet-Ao\u00fbt)<\/p>\n\n\n\n<p class=\"has-normal-font-size\"><strong>Horaires&nbsp;:<\/strong> De 08h45 \u00e0 12h45 <\/p>\n\n\n\n<p class=\"has-normal-font-size\"><strong>Tarifs* : <\/strong>440\u20ac\/ personne la semaine<\/p>\n\n\n\n<p><em>* Inclus dans le prix&nbsp;:<\/em><\/p>\n\n\n\n<ul class=\"wp-block-list\">\n<li><em>Pr\u00eat des VTT tout suspendu \u2013 Remont\u00e9e en t\u00e9l\u00e9si\u00e8ge \u2013 Forfaits \u2013 Full Protec\u2019 (casque, dorsale, tibias, gants)<\/em><\/li>\n\n\n\n<li><em>Encadrement Moniteur sp\u00e9cialis\u00e9 en DH<\/em><\/li>\n\n\n\n<li><em>Analyse Vid\u00e9o<\/em><\/li>\n\n\n\n<li><em>Passage des tests et remise des prix<\/em><\/li>\n\n\n\n<li><\/li>\n<\/ul>\n\n\n<div class=\"wp-block-image\">\n<figure class=\"aligncenter size-large\"><a href=\"https:\/\/activiteez.com\/u\/72957525542005?minisitePref=classic&amp;summary=STAGE%20RIDER%205x1%2F2j%20Resa%20Web&amp;noTarget=true&amp;search=false&amp;permanent=false\"><img loading=\"lazy\" decoding=\"async\" width=\"243\" height=\"44\" src=\"https:\/\/www.kappadev.fr\/htt_old\/files\/2020\/04\/resa-bouton.png\" alt=\"\" class=\"wp-image-2607\" \/><\/a><\/figure>\n<\/div>\n\n\n<hr class=\"wp-block-separator has-css-opacity\" \/>\n\n\n<div class=\"wp-block-image\">\n<figure class=\"aligncenter size-large\"><img loading=\"lazy\" decoding=\"async\" width=\"1024\" height=\"768\" src=\"https:\/\/www.kappadev.fr\/htt_old\/files\/2020\/05\/IMG_3634-1024x768.jpg\" alt=\"\" class=\"wp-image-2934\" srcset=\"https:\/\/www.kappadev.fr\/htt_old\/files\/2020\/05\/IMG_3634-1024x768.jpg 1024w, https:\/\/www.kappadev.fr\/htt_old\/files\/2020\/05\/IMG_3634-300x225.jpg 300w, https:\/\/www.kappadev.fr\/htt_old\/files\/2020\/05\/IMG_3634-768x576.jpg 768w, https:\/\/www.kappadev.fr\/htt_old\/files\/2020\/05\/IMG_3634-1536x1152.jpg 1536w, https:\/\/www.kappadev.fr\/htt_old\/files\/2020\/05\/IMG_3634-2048x1536.jpg 2048w\" sizes=\"auto, (max-width: 1024px) 100vw, 1024px\" \/><\/figure>\n<\/div>\n\n\n<div class=\"wp-block-spacer\" style=\"height: 20px\" aria-hidden=\"true\">\u00a0<\/div>\n\n\n\n<h3 class=\"wp-block-heading\"><strong>STAGE RIDER<\/strong> 3 demi journ\u00e9es<\/h3>\n\n\n\n<p class=\"has-normal-font-size\"><strong>Vous \u00eates presque autonome, mais une semaine c\u2019est un peu trop long&nbsp;? Profitez de nos mini-stages pour progresser ! En 3 demi-journ\u00e9es sur le <a href=\"https:\/\/www.kappadev.fr\/htt_old\/bike-park-les-orres\/\" target=\"_blank\" rel=\"noreferrer noopener\">Bike Park<\/a> commencez \u00e0 comprendre l\u2019\u00e9volution de l\u2019activit\u00e9 descente.<\/strong><\/p>\n\n\n\n<p class=\"has-normal-font-size\"><strong>Dur\u00e9e&nbsp;:<\/strong> 3 demi-journ\u00e9es du lundi au mercredi (toutes les semaines de Juillet-Ao\u00fbt)<\/p>\n\n\n\n<p class=\"has-normal-font-size\"><strong>Horaires&nbsp;:<\/strong> De 8h45 \u00e0 12h45<\/p>\n\n\n\n<p class=\"has-normal-font-size\"><strong>Tarifs* :<\/strong> 275\u20ac\/PERS<\/p>\n\n\n\n<p><em>* Inclus dans le prix :<\/em><\/p>\n\n\n\n<ul class=\"wp-block-list\">\n<li><em>Pr\u00eat des VTT tout suspendu \u2013 Remont\u00e9e en t\u00e9l\u00e9si\u00e8ge \u2013 Forfaits \u2013 Full Protec\u2019 (casque, dorsale, tibias, gants)<\/em><\/li>\n\n\n\n<li><em>Encadrement Moniteur sp\u00e9cialis\u00e9 en DH<\/em><\/li>\n\n\n\n<li><em>Analyse Vid\u00e9o<\/em><\/li>\n<\/ul>\n\n\n\n<p><\/p>\n\n\n\n<div style=\"height:20px\" aria-hidden=\"true\" class=\"wp-block-spacer\"><\/div>\n\n\n<div class=\"wp-block-image\">\n<figure class=\"aligncenter size-large\"><a href=\"https:\/\/activiteez.com\/u\/72957525542005?minisitePref=classic&amp;backgroundColor=%23ffffff&amp;summary=Stage%20RIDER%203x1%2F2j%20RESA%20WEB%20%2B10%20ans%20&amp;compact=true&amp;permanent=hide&amp;bookable=only&amp;category=vtt%20de%20descente\"><img loading=\"lazy\" decoding=\"async\" width=\"243\" height=\"44\" src=\"https:\/\/www.kappadev.fr\/htt_old\/files\/2020\/04\/resa-bouton.png\" alt=\"\" class=\"wp-image-2607\" \/><\/a><\/figure>\n<\/div>\n\n\n<div class=\"wp-block-columns is-layout-flex wp-container-core-columns-is-layout-9d6595d7 wp-block-columns-is-layout-flex\">\n<div class=\"wp-block-column is-layout-flow wp-block-column-is-layout-flow\" style=\"flex-basis:33.33%\"><\/div>\n\n\n\n<div class=\"wp-block-column is-vertically-aligned-top is-layout-flow wp-block-column-is-layout-flow\" style=\"flex-basis:66.66%\"><\/div>\n<\/div>\n\n\n\n<p><\/p>\n\n\n\n<figure class=\"wp-block-gallery has-nested-images columns-2 is-cropped wp-block-gallery-1 is-layout-flex wp-block-gallery-is-layout-flex\">\n<figure class=\"wp-block-image size-large\"><img loading=\"lazy\" decoding=\"async\" width=\"1024\" height=\"683\" data-id=\"2267\" src=\"https:\/\/www.kappadev.fr\/htt_old\/files\/2017\/03\/sebbikeparkbd-1024x683.jpg\" alt=\"\" class=\"wp-image-2267\" srcset=\"https:\/\/www.kappadev.fr\/htt_old\/files\/2017\/03\/sebbikeparkbd-1024x683.jpg 1024w, https:\/\/www.kappadev.fr\/htt_old\/files\/2017\/03\/sebbikeparkbd-300x200.jpg 300w, https:\/\/www.kappadev.fr\/htt_old\/files\/2017\/03\/sebbikeparkbd-768x512.jpg 768w, https:\/\/www.kappadev.fr\/htt_old\/files\/2017\/03\/sebbikeparkbd.jpg 1299w\" sizes=\"auto, (max-width: 1024px) 100vw, 1024px\" \/><\/figure>\n\n\n\n<figure class=\"wp-block-image size-large\"><img loading=\"lazy\" decoding=\"async\" width=\"1024\" height=\"683\" data-id=\"2265\" src=\"https:\/\/www.kappadev.fr\/htt_old\/files\/2017\/03\/medhi-1024x683.jpg\" alt=\"\" class=\"wp-image-2265\" srcset=\"https:\/\/www.kappadev.fr\/htt_old\/files\/2017\/03\/medhi-1024x683.jpg 1024w, https:\/\/www.kappadev.fr\/htt_old\/files\/2017\/03\/medhi-300x200.jpg 300w, https:\/\/www.kappadev.fr\/htt_old\/files\/2017\/03\/medhi-768x512.jpg 768w\" sizes=\"auto, (max-width: 1024px) 100vw, 1024px\" \/><figcaption class=\"wp-element-caption\">Moniteurs de l&rsquo;\u00e9cole Horizons Tout Terrain en action sur le Bike Park des Orres<\/figcaption><\/figure>\n<\/figure>\n\n\n\n<p class=\"has-text-align-center\">Pour tous renseignements, <a rel=\"noreferrer noopener\" href=\"https:\/\/www.kappadev.fr\/htt_old\/contact\/\" target=\"_blank\">contactez-nous<\/a> au 07.43.01.63.89<\/p>\n","protected":false},"excerpt":{"rendered":"<p>LES STAGES RIDERS : SUR LE BIKE PARK DES 10 ANS ! Vos enfants et vous r\u00eavez de ride&nbsp;? L\u2019\u00e9cole de VTT Horizons Tout Terrain vous permet d&rsquo;\u00e9voluer sur le Bike Park d\u00e8s le plus jeune \u00e2ge (d\u00e8s 4 ans) ! Enfants, ados, adultes, il y a chez nous un v\u00e9lo adapt\u00e9 \u00e0 tous les niveaux physiques et techniques, coaching attentif et moniteurs rigoureux. Vous trouverez forc\u00e9ment LA formule adapt\u00e9e&nbsp;! VOUS AVEZ VOTRE MATERIEL ? -20% de remise sur le tarif STAGE RIDER 5 demi journ\u00e9es Ca y est, nous voil\u00e0 enfin sur le Bike Park ! Au programme :Read more<\/p>\n","protected":false},"author":6,"featured_media":0,"parent":0,"menu_order":0,"comment_status":"closed","ping_status":"closed","template":"","meta":{"footnotes":""},"class_list":["post-372","page","type-page","status-publish","hentry"],"_links":{"self":[{"href":"https:\/\/www.kappadev.fr\/htt_old\/wp-json\/wp\/v2\/pages\/372","targetHints":{"allow":["GET"]}}],"collection":[{"href":"https:\/\/www.kappadev.fr\/htt_old\/wp-json\/wp\/v2\/pages"}],"about":[{"href":"https:\/\/www.kappadev.fr\/htt_old\/wp-json\/wp\/v2\/types\/page"}],"author":[{"embeddable":true,"href":"https:\/\/www.kappadev.fr\/htt_old\/wp-json\/wp\/v2\/users\/6"}],"replies":[{"embeddable":true,"href":"https:\/\/www.kappadev.fr\/htt_old\/wp-json\/wp\/v2\/comments?post=372"}],"version-history":[{"count":0,"href":"https:\/\/www.kappadev.fr\/htt_old\/wp-json\/wp\/v2\/pages\/372\/revisions"}],"wp:attachment":[{"href":"https:\/\/www.kappadev.fr\/htt_old\/wp-json\/wp\/v2\/media?parent=372"}],"curies":[{"name":"wp","href":"https:\/\/api.w.org\/{rel}","templated":true}]}}