{"id":369,"date":"2011-04-12T09:38:27","date_gmt":"2011-04-12T07:38:27","guid":{"rendered":"https:\/\/www.kappadev.fr\/htt_old\/?page_id=369"},"modified":"2024-05-28T17:56:57","modified_gmt":"2024-05-28T17:56:57","slug":"stage-bikers","status":"publish","type":"page","link":"https:\/\/www.kappadev.fr\/htt_old\/stage-bikers\/","title":{"rendered":"Stage Bikers 6-10 ans"},"content":{"rendered":"\n<h1 class=\"wp-block-heading\"><strong>STAGE BIKER\u2019S&nbsp;: OBJECTIF BIKE PARK<\/strong><\/h1>\n\n\n\n<div style=\"height:20px\" aria-hidden=\"true\" class=\"wp-block-spacer\"><\/div>\n\n\n\n<p class=\"has-normal-font-size\"><strong>Vos enfants r\u00eavent de ride ? L\u2019<a href=\"https:\/\/www.kappadev.fr\/htt_old\/presentation-ecole\/\" target=\"_blank\" rel=\"noreferrer noopener\">\u00e9cole de VTT Horizons Tout Terrain<\/a> vous permet de faire \u00e9voluer sur le v\u00e9lo les plus jeunes (<a href=\"https:\/\/www.kappadev.fr\/htt_old\/stage-loupiot-4-a-7ans\/\" target=\"_blank\" rel=\"noreferrer noopener\">d\u00e8s 4 ans<\/a>) et les ados. V\u00e9los adapt\u00e9s \u00e0 leurs niveaux physiques et techniques, coaching attentif et <a href=\"https:\/\/www.kappadev.fr\/htt_old\/l-equipe-2\/\" target=\"_blank\" rel=\"noreferrer noopener\">moniteurs rigoureux<\/a>, vous trouverez forc\u00e9ment LA formule adapt\u00e9e !<\/strong><\/p>\n\n\n\n<div style=\"height:20px\" aria-hidden=\"true\" class=\"wp-block-spacer\"><\/div>\n\n\n\n<figure class=\"wp-block-embed is-type-video is-provider-youtube wp-block-embed-youtube wp-embed-aspect-16-9 wp-has-aspect-ratio\"><div class=\"wp-block-embed__wrapper\">\n<iframe loading=\"lazy\" title=\"Vid\u00e9o souvenir - VTT stage - Horizons Tout Terrain\" width=\"860\" height=\"484\" src=\"https:\/\/www.youtube.com\/embed\/P0N6m8OezUU?feature=oembed\" frameborder=\"0\" allow=\"accelerometer; autoplay; clipboard-write; encrypted-media; gyroscope; picture-in-picture; web-share\" referrerpolicy=\"strict-origin-when-cross-origin\" allowfullscreen><\/iframe>\n<\/div><\/figure>\n\n\n\n<div style=\"height:20px\" aria-hidden=\"true\" class=\"wp-block-spacer\"><\/div>\n\n\n\n<p class=\"has-normal-font-size\">Inspir\u00e9 de l\u2019enseignement du <a href=\"https:\/\/www.esf-lesorres.com\/\" target=\"_blank\" rel=\"noreferrer noopener\">ski<\/a>, nous avons transform\u00e9 le syst\u00e8me des \u00e9toiles en <strong>BIKER\u2019S<\/strong>. Selon leur niveau, le moniteur les emm\u00e8nera rouler sur le Bike Park <a href=\"https:\/\/www.kappadev.fr\/htt_old\/rider-bike-park\/\" target=\"_blank\" rel=\"noreferrer noopener\">comme les grands <\/a>!<\/p>\n\n\n\n<p class=\"has-normal-font-size\">A l\u2019issu de la semaine, votre enfant passera un test de capacit\u00e9, son BIKER, afin de valider son niveau. Remise des prix et go\u00fbter \u00e0 la fin du stage&nbsp;!<\/p>\n\n\n\n<div class=\"wp-block-spacer\" style=\"height: 20px\" aria-hidden=\"true\">\u00a0<\/div>\n\n\n\n<p class=\"has-normal-font-size\"><strong>\u00c2ge&nbsp;:<\/strong> De 6 \u00e0 10 ans<\/p>\n\n\n\n<p class=\"has-normal-font-size\"><strong>Dur\u00e9e&nbsp;:<\/strong> 4 demi-journ\u00e9es<strong> du Mardi au Vendredi<\/strong><\/p>\n\n\n\n<p class=\"has-normal-font-size\"><strong>Horaires&nbsp;: <\/strong>De 9H30 \u00e0 12H, forfaits inclus si besoin<\/p>\n\n\n\n<p class=\"has-normal-font-size\"><strong>Tarifs : Encadrement,forfaits si besoin, passage du test avec r\u00e9compenses et gouter le dernier jour inclus&nbsp;:<\/strong><\/p>\n\n\n\n<ul class=\"wp-block-list\">\n<li>210\u20ac\/ personne sans mat\u00e9riel, forfaits inclus si besoin.<\/li>\n\n\n\n<li>Location Mat\u00e9riel avec protections pour tout le stage : 40\u20ac\/pers<\/li>\n<\/ul>\n\n\n\n<div class=\"wp-block-columns is-layout-flex wp-container-core-columns-is-layout-9d6595d7 wp-block-columns-is-layout-flex\">\n<div class=\"wp-block-column is-layout-flow wp-block-column-is-layout-flow\" style=\"flex-basis:33.33%\"><\/div>\n\n\n\n<div class=\"wp-block-column is-vertically-aligned-center is-layout-flow wp-block-column-is-layout-flow\" style=\"flex-basis:66.66%\">\n<figure class=\"wp-block-image size-large is-resized\"><a href=\"https:\/\/activiteez.com\/u\/72957525542005?minisitePref=classic&amp;summary=STAGE%20BIKERS%206-10%20ans%20RESA%20WEB&amp;noTarget=true&amp;search=false&amp;permanent=false\"><img loading=\"lazy\" decoding=\"async\" width=\"243\" height=\"44\" src=\"https:\/\/www.kappadev.fr\/htt_old\/files\/2020\/04\/resa-bouton.png\" alt=\"\" class=\"wp-image-2607\" style=\"width:243px;height:44px\" \/><\/a><\/figure>\n<\/div>\n<\/div>\n\n\n\n<p><\/p>\n\n\n\n<div class=\"wp-block-spacer\" style=\"height: 20px\" aria-hidden=\"true\">\u00a0<\/div>\n\n\n\n<figure class=\"wp-block-gallery has-nested-images columns-default is-cropped wp-block-gallery-1 is-layout-flex wp-block-gallery-is-layout-flex\">\n<figure class=\"wp-block-image size-large\"><img loading=\"lazy\" decoding=\"async\" width=\"1024\" height=\"768\" data-id=\"2919\" src=\"https:\/\/www.kappadev.fr\/htt_old\/files\/2020\/05\/IMG_1127-1024x768.jpg\" alt=\"\" class=\"wp-image-2919\" srcset=\"https:\/\/www.kappadev.fr\/htt_old\/files\/2020\/05\/IMG_1127-1024x768.jpg 1024w, https:\/\/www.kappadev.fr\/htt_old\/files\/2020\/05\/IMG_1127-300x225.jpg 300w, https:\/\/www.kappadev.fr\/htt_old\/files\/2020\/05\/IMG_1127-768x576.jpg 768w, https:\/\/www.kappadev.fr\/htt_old\/files\/2020\/05\/IMG_1127-1536x1152.jpg 1536w, https:\/\/www.kappadev.fr\/htt_old\/files\/2020\/05\/IMG_1127-2048x1536.jpg 2048w\" sizes=\"auto, (max-width: 1024px) 100vw, 1024px\" \/><\/figure>\n\n\n\n<figure class=\"wp-block-image size-large\"><img loading=\"lazy\" decoding=\"async\" width=\"1024\" height=\"768\" data-id=\"2923\" src=\"https:\/\/www.kappadev.fr\/htt_old\/files\/2020\/05\/IMG_1041-1024x768.jpg\" alt=\"\" class=\"wp-image-2923\" srcset=\"https:\/\/www.kappadev.fr\/htt_old\/files\/2020\/05\/IMG_1041-1024x768.jpg 1024w, https:\/\/www.kappadev.fr\/htt_old\/files\/2020\/05\/IMG_1041-300x225.jpg 300w, https:\/\/www.kappadev.fr\/htt_old\/files\/2020\/05\/IMG_1041-768x576.jpg 768w, https:\/\/www.kappadev.fr\/htt_old\/files\/2020\/05\/IMG_1041-1536x1152.jpg 1536w, https:\/\/www.kappadev.fr\/htt_old\/files\/2020\/05\/IMG_1041-2048x1536.jpg 2048w\" sizes=\"auto, (max-width: 1024px) 100vw, 1024px\" \/><\/figure>\n\n\n\n<figure class=\"wp-block-image size-large\"><img loading=\"lazy\" decoding=\"async\" width=\"1024\" height=\"768\" data-id=\"2920\" src=\"https:\/\/www.kappadev.fr\/htt_old\/files\/2020\/05\/IMG_2213-1024x768.jpg\" alt=\"\" class=\"wp-image-2920\" srcset=\"https:\/\/www.kappadev.fr\/htt_old\/files\/2020\/05\/IMG_2213-1024x768.jpg 1024w, https:\/\/www.kappadev.fr\/htt_old\/files\/2020\/05\/IMG_2213-300x225.jpg 300w, https:\/\/www.kappadev.fr\/htt_old\/files\/2020\/05\/IMG_2213-768x576.jpg 768w, https:\/\/www.kappadev.fr\/htt_old\/files\/2020\/05\/IMG_2213-1536x1152.jpg 1536w, https:\/\/www.kappadev.fr\/htt_old\/files\/2020\/05\/IMG_2213-2048x1536.jpg 2048w\" sizes=\"auto, (max-width: 1024px) 100vw, 1024px\" \/><\/figure>\n<\/figure>\n\n\n\n<p class=\"has-text-align-center has-medium-font-size\">Pour tous renseignements, <a rel=\"noreferrer noopener\" href=\"https:\/\/www.kappadev.fr\/htt_old\/contact\/\" target=\"_blank\">contactez-nous<\/a> au 06 81 09 55 92<\/p>\n\n\n\n<div class=\"wp-block-spacer\" style=\"height: 20px\" aria-hidden=\"true\">\u00a0<\/div>\n\n\n","protected":false},"excerpt":{"rendered":"<p>STAGE BIKER\u2019S&nbsp;: OBJECTIF BIKE PARK Vos enfants r\u00eavent de ride ? L\u2019\u00e9cole de VTT Horizons Tout Terrain vous permet de faire \u00e9voluer sur le v\u00e9lo les plus jeunes (d\u00e8s 4 ans) et les ados. V\u00e9los adapt\u00e9s \u00e0 leurs niveaux physiques et techniques, coaching attentif et moniteurs rigoureux, vous trouverez forc\u00e9ment LA formule adapt\u00e9e ! Inspir\u00e9 de l\u2019enseignement du ski, nous avons transform\u00e9 le syst\u00e8me des \u00e9toiles en BIKER\u2019S. Selon leur niveau, le moniteur les emm\u00e8nera rouler sur le Bike Park comme les grands ! A l\u2019issu de la semaine, votre enfant passera un test de capacit\u00e9, son BIKER, afin deRead more<\/p>\n","protected":false},"author":6,"featured_media":0,"parent":0,"menu_order":0,"comment_status":"closed","ping_status":"closed","template":"","meta":{"footnotes":""},"class_list":["post-369","page","type-page","status-publish","hentry"],"_links":{"self":[{"href":"https:\/\/www.kappadev.fr\/htt_old\/wp-json\/wp\/v2\/pages\/369","targetHints":{"allow":["GET"]}}],"collection":[{"href":"https:\/\/www.kappadev.fr\/htt_old\/wp-json\/wp\/v2\/pages"}],"about":[{"href":"https:\/\/www.kappadev.fr\/htt_old\/wp-json\/wp\/v2\/types\/page"}],"author":[{"embeddable":true,"href":"https:\/\/www.kappadev.fr\/htt_old\/wp-json\/wp\/v2\/users\/6"}],"replies":[{"embeddable":true,"href":"https:\/\/www.kappadev.fr\/htt_old\/wp-json\/wp\/v2\/comments?post=369"}],"version-history":[{"count":0,"href":"https:\/\/www.kappadev.fr\/htt_old\/wp-json\/wp\/v2\/pages\/369\/revisions"}],"wp:attachment":[{"href":"https:\/\/www.kappadev.fr\/htt_old\/wp-json\/wp\/v2\/media?parent=369"}],"curies":[{"name":"wp","href":"https:\/\/api.w.org\/{rel}","templated":true}]}}