{"id":2661,"date":"2020-04-22T15:25:25","date_gmt":"2020-04-22T15:25:25","guid":{"rendered":"https:\/\/www.kappadev.fr\/htt_old\/?page_id=2661"},"modified":"2021-03-29T15:02:56","modified_gmt":"2021-03-29T15:02:56","slug":"enduro-serre-poncon","status":"publish","type":"page","link":"https:\/\/www.kappadev.fr\/htt_old\/enduro-serre-poncon\/","title":{"rendered":"Enduro Serre-Pon\u00e7on"},"content":{"rendered":"\n<h1 class=\"wp-block-heading\"><strong>ENDURO SERRE-PON\u00c7ON<\/strong><\/h1>\n\n\n\n<div style=\"height:20px\" aria-hidden=\"true\" class=\"wp-block-spacer\"><\/div>\n\n\n\n<p class=\"has-normal-font-size\"><strong>Avec un peu de technique et un bon niveau physique, venez passer un week-end au balcon de la petite \u00ab&nbsp;M\u00e9diterran\u00e9e des Alpes&nbsp;\u00bb. Au programme, \u00e9pingles, passages rocailleux et points de vue exceptionnels sur le plus grand lac artificiel d\u2019Europe&nbsp;: \u00e0 couper le souffle&nbsp;!<\/strong><\/p>\n\n\n\n<div style=\"height:20px\" aria-hidden=\"true\" class=\"wp-block-spacer\"><\/div>\n\n\n\n<div class=\"wp-block-image\"><figure class=\"aligncenter size-large\"><img loading=\"lazy\" decoding=\"async\" width=\"1024\" height=\"768\" src=\"https:\/\/www.kappadev.fr\/htt_old\/files\/2020\/04\/enduroserreponcon-1024x768.jpg\" alt=\"\" class=\"wp-image-2663\" srcset=\"https:\/\/www.kappadev.fr\/htt_old\/files\/2020\/04\/enduroserreponcon-1024x768.jpg 1024w, https:\/\/www.kappadev.fr\/htt_old\/files\/2020\/04\/enduroserreponcon-300x225.jpg 300w, https:\/\/www.kappadev.fr\/htt_old\/files\/2020\/04\/enduroserreponcon-768x576.jpg 768w, https:\/\/www.kappadev.fr\/htt_old\/files\/2020\/04\/enduroserreponcon-1536x1152.jpg 1536w, https:\/\/www.kappadev.fr\/htt_old\/files\/2020\/04\/enduroserreponcon.jpg 1600w\" sizes=\"auto, (max-width: 1024px) 100vw, 1024px\" \/><\/figure><\/div>\n\n\n\n<div style=\"height:20px\" aria-hidden=\"true\" class=\"wp-block-spacer\"><\/div>\n\n\n\n<p class=\"has-normal-font-size\"><strong>Dates : <\/strong>1 et 2 Mai<\/p>\n\n\n\n<p class=\"has-normal-font-size\"><strong>Nombres de places : <\/strong>4 minimum \u2013 8 maximum<\/p>\n\n\n\n<p class=\"has-normal-font-size\"><strong>Niveau : <\/strong>D\u00e9couverte en VAE<\/p>\n\n\n\n<p class=\"has-normal-font-size\"><strong>Coach : <\/strong><a href=\"https:\/\/www.kappadev.fr\/htt_old\/l-equipe-2\/\" target=\"_blank\" rel=\"noreferrer noopener\">Moniteur dipl\u00f4m\u00e9 d\u2019Etat<\/a> (membre MCF), sp\u00e9cialiste de la discipline<\/p>\n\n\n\n<p class=\"has-normal-font-size\"><strong>Prix (comprend l\u2019encadrement)* :<\/strong><\/p>\n\n\n\n<ul class=\"wp-block-list\"><li>2 jours : 180\u20ac \/pilote<\/li><li>1 journ\u00e9e :100\u20ac \/pilote<\/li><\/ul>\n\n\n\n<div style=\"height:20px\" aria-hidden=\"true\" class=\"wp-block-spacer\"><\/div>\n\n\n\n<div class=\"wp-block-image\"><figure class=\"aligncenter size-large\"><a href=\"https:\/\/activiteez.com\/u\/HTT?minisitePref=classic&amp;summary=WEEK%20END%20ENDURO&amp;noSearch=true&amp;hideCategory=true&amp;hideMap=false&amp;noTarget=true&amp;compact=false&amp;permanent=false&amp;category=vtt\"><img loading=\"lazy\" decoding=\"async\" width=\"243\" height=\"44\" src=\"https:\/\/www.kappadev.fr\/htt_old\/files\/2020\/04\/resa-bouton.png\" alt=\"\" class=\"wp-image-2607\" \/><\/a><\/figure><\/div>\n\n\n\n<div style=\"height:20px\" aria-hidden=\"true\" class=\"wp-block-spacer\"><\/div>\n\n\n\n<p><em>*Le mat\u00e9riel (v\u00e9lo et protections), le repas, et l\u2019h\u00e9bergement ne sont pas inclus<\/em><\/p>\n","protected":false},"excerpt":{"rendered":"<p>ENDURO SERRE-PON\u00c7ON Avec un peu de technique et un bon niveau physique, venez passer un week-end au balcon de la petite \u00ab&nbsp;M\u00e9diterran\u00e9e des Alpes&nbsp;\u00bb. Au programme, \u00e9pingles, passages rocailleux et points de vue exceptionnels sur le plus grand lac artificiel d\u2019Europe&nbsp;: \u00e0 couper le souffle&nbsp;! Dates : 1 et 2 Mai Nombres de places : 4 minimum \u2013 8 maximum Niveau : D\u00e9couverte en VAE Coach : Moniteur dipl\u00f4m\u00e9 d\u2019Etat (membre MCF), sp\u00e9cialiste de la discipline Prix (comprend l\u2019encadrement)* : 2 jours : 180\u20ac \/pilote 1 journ\u00e9e :100\u20ac \/pilote *Le mat\u00e9riel (v\u00e9lo et protections), le repas, et l\u2019h\u00e9bergement ne sontRead more<\/p>\n","protected":false},"author":62,"featured_media":0,"parent":0,"menu_order":0,"comment_status":"closed","ping_status":"closed","template":"","meta":{"footnotes":""},"class_list":["post-2661","page","type-page","status-publish","hentry"],"_links":{"self":[{"href":"https:\/\/www.kappadev.fr\/htt_old\/wp-json\/wp\/v2\/pages\/2661","targetHints":{"allow":["GET"]}}],"collection":[{"href":"https:\/\/www.kappadev.fr\/htt_old\/wp-json\/wp\/v2\/pages"}],"about":[{"href":"https:\/\/www.kappadev.fr\/htt_old\/wp-json\/wp\/v2\/types\/page"}],"author":[{"embeddable":true,"href":"https:\/\/www.kappadev.fr\/htt_old\/wp-json\/wp\/v2\/users\/62"}],"replies":[{"embeddable":true,"href":"https:\/\/www.kappadev.fr\/htt_old\/wp-json\/wp\/v2\/comments?post=2661"}],"version-history":[{"count":0,"href":"https:\/\/www.kappadev.fr\/htt_old\/wp-json\/wp\/v2\/pages\/2661\/revisions"}],"wp:attachment":[{"href":"https:\/\/www.kappadev.fr\/htt_old\/wp-json\/wp\/v2\/media?parent=2661"}],"curies":[{"name":"wp","href":"https:\/\/api.w.org\/{rel}","templated":true}]}}