{"id":246,"date":"2011-04-07T18:30:22","date_gmt":"2011-04-07T16:30:22","guid":{"rendered":"https:\/\/www.kappadev.fr\/htt_old\/?page_id=246"},"modified":"2024-06-29T15:20:32","modified_gmt":"2024-06-29T15:20:32","slug":"montagne","status":"publish","type":"page","link":"https:\/\/www.kappadev.fr\/htt_old\/montagne\/","title":{"rendered":"BUREAU MONTAGNE"},"content":{"rendered":"\n<h1 class=\"wp-block-heading\" id=\"activites-de-montagne\"><strong>ACTIVITES DE MONTAGNE&nbsp;:<\/strong><\/h1>\n\n\n\n<div style=\"height:20px\" aria-hidden=\"true\" class=\"wp-block-spacer\"><\/div>\n\n\n\n<p class=\"has-normal-font-size\">C\u2019est les vacances et vous avez envie de profiter un maximum des activit\u00e9s en montagne&nbsp;? Nous avons s\u00e9lectionn\u00e9 des professionnels dans diverses activit\u00e9s qui seront \u00e0 votre \u00e9coute, pour vous accompagner dans la r\u00e9ussite d\u2019un s\u00e9jour sportif.<\/p>\n\n\n\n<div style=\"height:20px\" aria-hidden=\"true\" class=\"wp-block-spacer\"><\/div>\n\n\n\n<p class=\"has-text-align-center has-medium-font-size\"><strong>En solo, en famille ou entre amis, simplifiez-vous la vie&nbsp;: un point de vente pour toutes vos activit\u00e9s&nbsp;!<\/strong><\/p>\n\n\n\n<div style=\"height:20px\" aria-hidden=\"true\" class=\"wp-block-spacer\"><\/div>\n\n\n\n<h4 class=\"wp-block-heading has-text-align-center\" id=\"pack-sensation\"><strong>PACK SENSATION&nbsp;:<\/strong><\/h4>\n\n\n\n<p class=\"has-normal-font-size\">3 activit\u00e9s au choix \/ personne (escalade, via ferrata, canyoning, <a href=\"https:\/\/www.kappadev.fr\/htt_old\/eaux-vives\/\">eaux vives<\/a> ou VTT)<\/p>\n\n\n\n<p class=\"has-normal-font-size\"><strong>Remise 5%<\/strong><\/p>\n\n\n\n<h4 class=\"wp-block-heading has-text-align-center\" id=\"pack-adrenaline\"><strong>PACK ADRENALINE&nbsp;:<\/strong><\/h4>\n\n\n\n<p class=\"has-normal-font-size\">4 activit\u00e9s au choix \/ personne (escalade, via ferrata, canyoning, <a href=\"https:\/\/www.kappadev.fr\/htt_old\/eaux-vives\/\">eaux vives<\/a> ou VTT)<\/p>\n\n\n\n<p class=\"has-normal-font-size\"><strong>Remise 10%<\/strong><\/p>\n\n\n\n<div style=\"height:20px\" aria-hidden=\"true\" class=\"wp-block-spacer\"><\/div>\n\n\n\n<p class=\"has-text-align-center has-normal-font-size\"><strong><a href=\"https:\/\/www.kappadev.fr\/htt_old\/contact\/\">Contactez-nous<\/a> pour plus d<span data-mce-type=\"bookmark\" id=\"mce_1_start\" data-mce-style=\"overflow:hidden;line-height:0px\" style=\"overflow:hidden;line-height:0px\">e renseignements au sujet des activit\u00e9s de votre choix !<\/strong><\/p>\n\n\n\n<div style=\"height:20px\" aria-hidden=\"true\" class=\"wp-block-spacer\"><\/div>\n\n\n\n<h2 class=\"wp-block-heading\" id=\"nos-activites\"><strong>NOS ACTIVITES :<\/strong><\/h2>\n\n\n\n<h3 class=\"wp-block-heading\" id=\"escalade\"><strong>ESCALADE<\/strong><\/h3>\n\n\n\n<p class=\"has-normal-font-size\">\u2013 50\u20ac \/ personne<\/p>\n\n\n\n<p class=\"has-normal-font-size\">D\u00e9couvrez les falaise naturelle du site des Orres : environnement magnifique \u00e0 contempler pour tous les niveaux !<\/p>\n\n\n\n<p class=\"has-normal-font-size\">Autres sites dans la vall\u00e9e sur demande.<\/p>\n\n\n\n<figure class=\"wp-block-gallery aligncenter has-nested-images columns-default is-cropped wp-block-gallery-1 is-layout-flex wp-block-gallery-is-layout-flex\">\n<figure class=\"wp-block-image size-large\"><img loading=\"lazy\" decoding=\"async\" width=\"680\" height=\"1024\" data-id=\"2385\" src=\"https:\/\/www.kappadev.fr\/htt_old\/files\/2017\/04\/DSC_0078-680x1024.jpg\" alt=\"\" class=\"wp-image-2385\" srcset=\"https:\/\/www.kappadev.fr\/htt_old\/files\/2017\/04\/DSC_0078.jpg 680w, https:\/\/www.kappadev.fr\/htt_old\/files\/2017\/04\/DSC_0078-199x300.jpg 199w\" sizes=\"auto, (max-width: 680px) 100vw, 680px\" \/><\/figure>\n\n\n\n<figure class=\"wp-block-image size-large\"><img loading=\"lazy\" decoding=\"async\" width=\"1024\" height=\"680\" data-id=\"2393\" src=\"https:\/\/www.kappadev.fr\/htt_old\/files\/2017\/04\/DSC_0070-1-1024x680.jpg\" alt=\"\" class=\"wp-image-2393\" srcset=\"https:\/\/www.kappadev.fr\/htt_old\/files\/2017\/04\/DSC_0070-1-1024x680.jpg 1024w, https:\/\/www.kappadev.fr\/htt_old\/files\/2017\/04\/DSC_0070-1-300x199.jpg 300w, https:\/\/www.kappadev.fr\/htt_old\/files\/2017\/04\/DSC_0070-1-768x510.jpg 768w, https:\/\/www.kappadev.fr\/htt_old\/files\/2017\/04\/DSC_0070-1.jpg 1280w\" sizes=\"auto, (max-width: 1024px) 100vw, 1024px\" \/><\/figure>\n\n\n\n<figure class=\"wp-block-image size-large\"><img loading=\"lazy\" decoding=\"async\" width=\"1024\" height=\"680\" data-id=\"2379\" src=\"https:\/\/www.kappadev.fr\/htt_old\/files\/2017\/04\/DSC_0003_6842-1024x680.jpg\" alt=\"\" class=\"wp-image-2379\" srcset=\"https:\/\/www.kappadev.fr\/htt_old\/files\/2017\/04\/DSC_0003_6842-1024x680.jpg 1024w, https:\/\/www.kappadev.fr\/htt_old\/files\/2017\/04\/DSC_0003_6842-300x199.jpg 300w, https:\/\/www.kappadev.fr\/htt_old\/files\/2017\/04\/DSC_0003_6842-768x510.jpg 768w, https:\/\/www.kappadev.fr\/htt_old\/files\/2017\/04\/DSC_0003_6842.jpg 1280w\" sizes=\"auto, (max-width: 1024px) 100vw, 1024px\" \/><\/figure>\n<\/figure>\n\n\n\n<div style=\"height:20px\" aria-hidden=\"true\" class=\"wp-block-spacer\"><\/div>\n\n\n\n<h3 class=\"wp-block-heading\" id=\"via-ferrata\"><strong>VIA FERRATA&nbsp;<\/strong><\/h3>\n\n\n\n<ul class=\"wp-block-list\">\n<li>Les Orres : Via Marcellinas : 50\u20ac\/pers ou Via Cascade 55\u20ac \/ personne \/\/\/ Famille de 5 pers -5\u20ac sur les via<\/li>\n\n\n\n<li>Gorges de la Durance : parcours de vert \u00e0 noir et tyrolienne<\/li>\n\n\n\n<li>Motte du Caire : parcours a\u00e9rien et longue tyrolienne&nbsp;! Spot magnifique \u00e0 d\u00e9couvrir \u00e0 la journ\u00e9e.<\/li>\n<\/ul>\n\n\n\n<p><\/p>\n\n\n<div class=\"wp-block-image\">\n<figure class=\"aligncenter size-full\"><a href=\"https:\/\/activiteez.com\/u\/72957525542005?minisitePref=classic&amp;summary=VIA%20FERRATA%20marcellinas&amp;noSearch=true&amp;hideCategory=true&amp;hideMap=false&amp;noTarget=true&amp;compact=false&amp;permanent=false&amp;category=via%20ferrata\"><img loading=\"lazy\" decoding=\"async\" width=\"243\" height=\"44\" src=\"https:\/\/www.kappadev.fr\/htt_old\/files\/2020\/04\/resa-bouton.png\" alt=\"\" class=\"wp-image-2607\" \/><\/a><\/figure>\n<\/div>\n\n\n<figure class=\"wp-block-gallery aligncenter has-nested-images columns-default is-cropped wp-block-gallery-2 is-layout-flex wp-block-gallery-is-layout-flex\">\n<figure class=\"wp-block-image size-large\"><img loading=\"lazy\" decoding=\"async\" width=\"1024\" height=\"768\" data-id=\"2386\" src=\"https:\/\/www.kappadev.fr\/htt_old\/files\/2017\/04\/P1120620-1024x768.jpg\" alt=\"\" class=\"wp-image-2386\" srcset=\"https:\/\/www.kappadev.fr\/htt_old\/files\/2017\/04\/P1120620-1024x768.jpg 1024w, https:\/\/www.kappadev.fr\/htt_old\/files\/2017\/04\/P1120620-300x225.jpg 300w, https:\/\/www.kappadev.fr\/htt_old\/files\/2017\/04\/P1120620-768x576.jpg 768w, https:\/\/www.kappadev.fr\/htt_old\/files\/2017\/04\/P1120620.jpg 1280w\" sizes=\"auto, (max-width: 1024px) 100vw, 1024px\" \/><\/figure>\n\n\n\n<figure class=\"wp-block-image size-large\"><img loading=\"lazy\" decoding=\"async\" width=\"768\" height=\"1024\" data-id=\"2387\" src=\"https:\/\/www.kappadev.fr\/htt_old\/files\/2017\/04\/P1120624-768x1024.jpg\" alt=\"\" class=\"wp-image-2387\" srcset=\"https:\/\/www.kappadev.fr\/htt_old\/files\/2017\/04\/P1120624.jpg 768w, https:\/\/www.kappadev.fr\/htt_old\/files\/2017\/04\/P1120624-225x300.jpg 225w\" sizes=\"auto, (max-width: 768px) 100vw, 768px\" \/><\/figure>\n\n\n\n<figure class=\"wp-block-image size-large\"><img loading=\"lazy\" decoding=\"async\" width=\"1024\" height=\"768\" data-id=\"2377\" src=\"https:\/\/www.kappadev.fr\/htt_old\/files\/2017\/04\/009-1024x768.jpg\" alt=\"\" class=\"wp-image-2377\" srcset=\"https:\/\/www.kappadev.fr\/htt_old\/files\/2017\/04\/009-1024x768.jpg 1024w, https:\/\/www.kappadev.fr\/htt_old\/files\/2017\/04\/009-300x225.jpg 300w, https:\/\/www.kappadev.fr\/htt_old\/files\/2017\/04\/009-768x576.jpg 768w, https:\/\/www.kappadev.fr\/htt_old\/files\/2017\/04\/009.jpg 1280w\" sizes=\"auto, (max-width: 1024px) 100vw, 1024px\" \/><\/figure>\n<\/figure>\n\n\n\n<div style=\"height:20px\" aria-hidden=\"true\" class=\"wp-block-spacer\"><\/div>\n\n\n\n<h3 class=\"wp-block-heading\" id=\"canyoning\"><strong>CANYONING<\/strong><\/h3>\n\n\n\n<ul class=\"wp-block-list\">\n<li>Canyon du Couleau (d\u00e8s 8 ans)\u00a0:  47\u20ac \/ personne<\/li>\n\n\n\n<li>Canyon du Fournel (d\u00e8s 9 ans)\u00a0:  50\u20ac \/ personne \/\/\/ Famille de 5 pers -5\u20ac sur le Fournel<\/li>\n\n\n\n<li>Autres canyons sur demande<\/li>\n<\/ul>\n\n\n\n<figure class=\"wp-block-gallery aligncenter has-nested-images columns-3 is-cropped wp-block-gallery-3 is-layout-flex wp-block-gallery-is-layout-flex\">\n<figure class=\"wp-block-image size-large\"><img loading=\"lazy\" decoding=\"async\" width=\"640\" height=\"480\" data-id=\"2367\" src=\"https:\/\/www.kappadev.fr\/htt_old\/files\/2017\/04\/DSC00579.jpeg\" alt=\"\" class=\"wp-image-2367\" srcset=\"https:\/\/www.kappadev.fr\/htt_old\/files\/2017\/04\/DSC00579.jpeg 640w, https:\/\/www.kappadev.fr\/htt_old\/files\/2017\/04\/DSC00579-300x225.jpeg 300w\" sizes=\"auto, (max-width: 640px) 100vw, 640px\" \/><\/figure>\n\n\n\n<figure class=\"wp-block-image size-large\"><img loading=\"lazy\" decoding=\"async\" width=\"640\" height=\"480\" data-id=\"2366\" src=\"https:\/\/www.kappadev.fr\/htt_old\/files\/2017\/04\/DSC00550.jpeg\" alt=\"\" class=\"wp-image-2366\" srcset=\"https:\/\/www.kappadev.fr\/htt_old\/files\/2017\/04\/DSC00550.jpeg 640w, https:\/\/www.kappadev.fr\/htt_old\/files\/2017\/04\/DSC00550-300x225.jpeg 300w\" sizes=\"auto, (max-width: 640px) 100vw, 640px\" \/><\/figure>\n\n\n\n<figure class=\"wp-block-image size-large\"><img loading=\"lazy\" decoding=\"async\" width=\"640\" height=\"480\" data-id=\"2372\" src=\"https:\/\/www.kappadev.fr\/htt_old\/files\/2017\/04\/DSC00895.jpeg\" alt=\"\" class=\"wp-image-2372\" srcset=\"https:\/\/www.kappadev.fr\/htt_old\/files\/2017\/04\/DSC00895.jpeg 640w, https:\/\/www.kappadev.fr\/htt_old\/files\/2017\/04\/DSC00895-300x225.jpeg 300w\" sizes=\"auto, (max-width: 640px) 100vw, 640px\" \/><\/figure>\n\n\n\n<figure class=\"wp-block-image size-large\"><img loading=\"lazy\" decoding=\"async\" width=\"640\" height=\"480\" data-id=\"2373\" src=\"https:\/\/www.kappadev.fr\/htt_old\/files\/2017\/04\/DSC00899.jpeg\" alt=\"\" class=\"wp-image-2373\" srcset=\"https:\/\/www.kappadev.fr\/htt_old\/files\/2017\/04\/DSC00899.jpeg 640w, https:\/\/www.kappadev.fr\/htt_old\/files\/2017\/04\/DSC00899-300x225.jpeg 300w\" sizes=\"auto, (max-width: 640px) 100vw, 640px\" \/><\/figure>\n<\/figure>\n\n\n\n<div style=\"height:20px\" aria-hidden=\"true\" class=\"wp-block-spacer\"><\/div>\n\n\n\n<h3 class=\"wp-block-heading\" id=\"haute-montagne-et-randonnees-glaciaires\"><strong>HAUTE MONTAGNE ET RANDONNEES GLACIAIRES<\/strong><\/h3>\n\n\n\n<p class=\"has-normal-font-size\">\u2013 \u00e0 partir de 115\u20ac\/pers<\/p>\n\n\n\n<p class=\"has-normal-font-size\">En famille ou entre amis, pr\u00e9voyez votre premi\u00e8re randonn\u00e9e glaciaire dans un site majestueux. Venez profiter de sorties en haute montagne parfaitement adapt\u00e9es \u00e0 votre niveau et vos envie.<\/p>\n\n\n\n<figure class=\"wp-block-gallery aligncenter has-nested-images columns-default is-cropped wp-block-gallery-4 is-layout-flex wp-block-gallery-is-layout-flex\">\n<figure class=\"wp-block-image size-large\"><img loading=\"lazy\" decoding=\"async\" width=\"1024\" height=\"682\" data-id=\"2360\" src=\"https:\/\/www.kappadev.fr\/htt_old\/files\/2017\/04\/DSC01443_10673-1024x682.jpg\" alt=\"\" class=\"wp-image-2360\" srcset=\"https:\/\/www.kappadev.fr\/htt_old\/files\/2017\/04\/DSC01443_10673-1024x682.jpg 1024w, https:\/\/www.kappadev.fr\/htt_old\/files\/2017\/04\/DSC01443_10673-300x200.jpg 300w, https:\/\/www.kappadev.fr\/htt_old\/files\/2017\/04\/DSC01443_10673-768x512.jpg 768w, https:\/\/www.kappadev.fr\/htt_old\/files\/2017\/04\/DSC01443_10673.jpg 1280w\" sizes=\"auto, (max-width: 1024px) 100vw, 1024px\" \/><\/figure>\n\n\n\n<figure class=\"wp-block-image size-large\"><img loading=\"lazy\" decoding=\"async\" width=\"1024\" height=\"682\" data-id=\"2363\" src=\"https:\/\/www.kappadev.fr\/htt_old\/files\/2017\/04\/DSC01456_10686-1024x682.jpg\" alt=\"\" class=\"wp-image-2363\" srcset=\"https:\/\/www.kappadev.fr\/htt_old\/files\/2017\/04\/DSC01456_10686-1024x682.jpg 1024w, https:\/\/www.kappadev.fr\/htt_old\/files\/2017\/04\/DSC01456_10686-300x200.jpg 300w, https:\/\/www.kappadev.fr\/htt_old\/files\/2017\/04\/DSC01456_10686-768x512.jpg 768w, https:\/\/www.kappadev.fr\/htt_old\/files\/2017\/04\/DSC01456_10686.jpg 1280w\" sizes=\"auto, (max-width: 1024px) 100vw, 1024px\" \/><\/figure>\n\n\n\n<figure class=\"wp-block-image size-large\"><img loading=\"lazy\" decoding=\"async\" width=\"1024\" height=\"682\" data-id=\"2351\" src=\"https:\/\/www.kappadev.fr\/htt_old\/files\/2017\/04\/DSC01462_10692-1024x682.jpg\" alt=\"\" class=\"wp-image-2351\" srcset=\"https:\/\/www.kappadev.fr\/htt_old\/files\/2017\/04\/DSC01462_10692-1024x682.jpg 1024w, https:\/\/www.kappadev.fr\/htt_old\/files\/2017\/04\/DSC01462_10692-300x200.jpg 300w, https:\/\/www.kappadev.fr\/htt_old\/files\/2017\/04\/DSC01462_10692-768x512.jpg 768w, https:\/\/www.kappadev.fr\/htt_old\/files\/2017\/04\/DSC01462_10692.jpg 1280w\" sizes=\"auto, (max-width: 1024px) 100vw, 1024px\" \/><\/figure>\n\n\n\n<figure class=\"wp-block-image size-large\"><img loading=\"lazy\" decoding=\"async\" width=\"1024\" height=\"682\" data-id=\"2362\" src=\"https:\/\/www.kappadev.fr\/htt_old\/files\/2017\/04\/DSC01450_10680-1024x682.jpg\" alt=\"\" class=\"wp-image-2362\" srcset=\"https:\/\/www.kappadev.fr\/htt_old\/files\/2017\/04\/DSC01450_10680-1024x682.jpg 1024w, https:\/\/www.kappadev.fr\/htt_old\/files\/2017\/04\/DSC01450_10680-300x200.jpg 300w, https:\/\/www.kappadev.fr\/htt_old\/files\/2017\/04\/DSC01450_10680-768x512.jpg 768w, https:\/\/www.kappadev.fr\/htt_old\/files\/2017\/04\/DSC01450_10680.jpg 1280w\" sizes=\"auto, (max-width: 1024px) 100vw, 1024px\" \/><\/figure>\n<\/figure>\n\n\n\n<div style=\"height:20px\" aria-hidden=\"true\" class=\"wp-block-spacer\"><\/div>\n\n\n\n<h3 class=\"wp-block-heading\" id=\"randonnee-pedestre\"><strong>RANDONNEE PEDESTRE<\/strong><\/h3>\n\n\n\n<p class=\"has-normal-font-size\">Avec le <a href=\"http:\/\/www.serreponcon-rando.com\/accueil-bureau-montagne-serre-poncon-ecrins.A.htm\" target=\"_blank\" rel=\"noreferrer noopener\">Bureau Montagne Serre-Pon\u00e7on Ecrins<\/a>, notre partenaire de randonn\u00e9es, partez \u00e0 la d\u00e9couverte des plus beaux sites des environs.<\/p>\n\n\n\n<p class=\"has-normal-font-size\">Pour la journ\u00e9e ou la demi-journ\u00e9e.<\/p>\n\n\n<div class=\"wp-block-image\">\n<figure class=\"aligncenter size-large\"><img loading=\"lazy\" decoding=\"async\" width=\"1000\" height=\"490\" src=\"https:\/\/www.kappadev.fr\/htt_old\/files\/2017\/08\/dgid9-Cirque_de_Morgon_14_.jpg\" alt=\"\" class=\"wp-image-2453\" srcset=\"https:\/\/www.kappadev.fr\/htt_old\/files\/2017\/08\/dgid9-Cirque_de_Morgon_14_.jpg 1000w, https:\/\/www.kappadev.fr\/htt_old\/files\/2017\/08\/dgid9-Cirque_de_Morgon_14_-300x147.jpg 300w, https:\/\/www.kappadev.fr\/htt_old\/files\/2017\/08\/dgid9-Cirque_de_Morgon_14_-768x376.jpg 768w\" sizes=\"auto, (max-width: 1000px) 100vw, 1000px\" \/><\/figure>\n<\/div>\n\n\n<div style=\"height:20px\" aria-hidden=\"true\" class=\"wp-block-spacer\"><\/div>\n\n\n\n<h3 class=\"wp-block-heading\" id=\"bouees-tractees-ski-nautique-wakeboard\"><strong>BOUEES TRACTEES \u2013 SKI NAUTIQUE \u2013 WAKEBOARD<\/strong><\/h3>\n\n\n\n<figure class=\"wp-block-gallery has-nested-images columns-default is-cropped wp-block-gallery-5 is-layout-flex wp-block-gallery-is-layout-flex\">\n<figure class=\"wp-block-image size-large\"><img loading=\"lazy\" decoding=\"async\" width=\"800\" height=\"532\" data-id=\"2399\" src=\"https:\/\/www.kappadev.fr\/htt_old\/files\/2017\/04\/unnamed-2.jpg\" alt=\"\" class=\"wp-image-2399\" srcset=\"https:\/\/www.kappadev.fr\/htt_old\/files\/2017\/04\/unnamed-2.jpg 800w, https:\/\/www.kappadev.fr\/htt_old\/files\/2017\/04\/unnamed-2-300x200.jpg 300w, https:\/\/www.kappadev.fr\/htt_old\/files\/2017\/04\/unnamed-2-768x511.jpg 768w\" sizes=\"auto, (max-width: 800px) 100vw, 800px\" \/><\/figure>\n\n\n\n<figure class=\"wp-block-image size-large\"><img loading=\"lazy\" decoding=\"async\" width=\"1024\" height=\"619\" data-id=\"2401\" src=\"https:\/\/www.kappadev.fr\/htt_old\/files\/2017\/04\/unnamed-1024x619.jpg\" alt=\"\" class=\"wp-image-2401\" srcset=\"https:\/\/www.kappadev.fr\/htt_old\/files\/2017\/04\/unnamed-1024x619.jpg 1024w, https:\/\/www.kappadev.fr\/htt_old\/files\/2017\/04\/unnamed-300x181.jpg 300w, https:\/\/www.kappadev.fr\/htt_old\/files\/2017\/04\/unnamed-768x464.jpg 768w\" sizes=\"auto, (max-width: 1024px) 100vw, 1024px\" \/><\/figure>\n\n\n\n<figure class=\"wp-block-image size-large\"><img loading=\"lazy\" decoding=\"async\" width=\"1024\" height=\"731\" data-id=\"2400\" src=\"https:\/\/www.kappadev.fr\/htt_old\/files\/2017\/04\/unnamed-1-1024x731.jpg\" alt=\"\" class=\"wp-image-2400\" srcset=\"https:\/\/www.kappadev.fr\/htt_old\/files\/2017\/04\/unnamed-1-1024x731.jpg 1024w, https:\/\/www.kappadev.fr\/htt_old\/files\/2017\/04\/unnamed-1-300x214.jpg 300w, https:\/\/www.kappadev.fr\/htt_old\/files\/2017\/04\/unnamed-1-768x548.jpg 768w\" sizes=\"auto, (max-width: 1024px) 100vw, 1024px\" \/><\/figure>\n\n\n\n<figure class=\"wp-block-image size-large\"><img loading=\"lazy\" decoding=\"async\" width=\"1024\" height=\"683\" data-id=\"2396\" src=\"https:\/\/www.kappadev.fr\/htt_old\/files\/2017\/04\/unnamed-4-1024x683.jpg\" alt=\"\" class=\"wp-image-2396\" srcset=\"https:\/\/www.kappadev.fr\/htt_old\/files\/2017\/04\/unnamed-4-1024x683.jpg 1024w, https:\/\/www.kappadev.fr\/htt_old\/files\/2017\/04\/unnamed-4-300x200.jpg 300w, https:\/\/www.kappadev.fr\/htt_old\/files\/2017\/04\/unnamed-4-768x512.jpg 768w\" sizes=\"auto, (max-width: 1024px) 100vw, 1024px\" \/><\/figure>\n<\/figure>\n\n\n\n<div style=\"height:20px\" aria-hidden=\"true\" class=\"wp-block-spacer\"><\/div>\n\n\n\n<h3 class=\"wp-block-heading\" id=\"parapente\"><strong>PARAPENTE<\/strong><\/h3>\n\n\n\n<p class=\"has-normal-font-size\">D\u00e9couvrez les Hautes-Alpes comme vous de les avez jamais vues&nbsp;!<\/p>\n\n\n\n<p class=\"has-normal-font-size\">Enfant, vols 20mn, 30mn, 1h ou sensations, envolez-vous avec <a rel=\"noreferrer noopener\" href=\"https:\/\/www.jennifair.com\/\" target=\"_blank\">Jenif&rsquo;Air<\/a>.<\/p>\n\n\n\n<div style=\"height:20px\" aria-hidden=\"true\" class=\"wp-block-spacer\"><\/div>\n\n\n\n<h3 class=\"wp-block-heading\" id=\"jungle-aventure-paint-ball\"><strong>JUNGLE AVENTURE \u2013 PAINT BALL<\/strong><\/h3>\n\n\n\n<p class=\"has-normal-font-size\">Aux Orres 1650, perdez-vous dans la <a rel=\"noreferrer noopener\" href=\"https:\/\/jungle-aventure.fr\/\" target=\"_blank\">\u00ab\u00a0jungle\u00a0\u00bb<\/a> et vivez une aventure inoubliable entre les arbres ! Acrobranche, paint ball, chasse au tr\u00e9sor&#8230; Il y en a pour tous les go\u00fbts !<\/p>\n\n\n\n<div style=\"height:20px\" aria-hidden=\"true\" class=\"wp-block-spacer\"><\/div>\n","protected":false},"excerpt":{"rendered":"<p>ACTIVITES DE MONTAGNE&nbsp;: C\u2019est les vacances et vous avez envie de profiter un maximum des activit\u00e9s en montagne&nbsp;? Nous avons s\u00e9lectionn\u00e9 des professionnels dans diverses activit\u00e9s qui seront \u00e0 votre \u00e9coute, pour vous accompagner dans la r\u00e9ussite d\u2019un s\u00e9jour sportif. En solo, en famille ou entre amis, simplifiez-vous la vie&nbsp;: un point de vente pour toutes vos activit\u00e9s&nbsp;! PACK SENSATION&nbsp;: 3 activit\u00e9s au choix \/ personne (escalade, via ferrata, canyoning, eaux vives ou VTT) Remise 5% PACK ADRENALINE&nbsp;: 4 activit\u00e9s au choix \/ personne (escalade, via ferrata, canyoning, eaux vives ou VTT) Remise 10% Contactez-nous pour plus de renseignements auRead more<\/p>\n","protected":false},"author":6,"featured_media":0,"parent":0,"menu_order":0,"comment_status":"open","ping_status":"open","template":"","meta":{"footnotes":""},"class_list":["post-246","page","type-page","status-publish","hentry"],"_links":{"self":[{"href":"https:\/\/www.kappadev.fr\/htt_old\/wp-json\/wp\/v2\/pages\/246","targetHints":{"allow":["GET"]}}],"collection":[{"href":"https:\/\/www.kappadev.fr\/htt_old\/wp-json\/wp\/v2\/pages"}],"about":[{"href":"https:\/\/www.kappadev.fr\/htt_old\/wp-json\/wp\/v2\/types\/page"}],"author":[{"embeddable":true,"href":"https:\/\/www.kappadev.fr\/htt_old\/wp-json\/wp\/v2\/users\/6"}],"replies":[{"embeddable":true,"href":"https:\/\/www.kappadev.fr\/htt_old\/wp-json\/wp\/v2\/comments?post=246"}],"version-history":[{"count":0,"href":"https:\/\/www.kappadev.fr\/htt_old\/wp-json\/wp\/v2\/pages\/246\/revisions"}],"wp:attachment":[{"href":"https:\/\/www.kappadev.fr\/htt_old\/wp-json\/wp\/v2\/media?parent=246"}],"curies":[{"name":"wp","href":"https:\/\/api.w.org\/{rel}","templated":true}]}}