{"id":244,"date":"2011-04-07T18:30:06","date_gmt":"2011-04-07T16:30:06","guid":{"rendered":"https:\/\/www.kappadev.fr\/htt_old\/?page_id=244"},"modified":"2024-06-30T09:56:25","modified_gmt":"2024-06-30T09:56:25","slug":"eaux-vives","status":"publish","type":"page","link":"https:\/\/www.kappadev.fr\/htt_old\/eaux-vives\/","title":{"rendered":"EAUX &#8211; VIVES"},"content":{"rendered":"\n<h1 class=\"wp-block-heading\"><strong>RAFTING \u2013 HYDROSPEED &#8211; AIRBOAT<\/strong><\/h1>\n\n\n\n<div style=\"height:20px\" aria-hidden=\"true\" class=\"wp-block-spacer\"><\/div>\n\n\n\n<p class=\"has-normal-font-size\"><strong>Vous n\u2019avez jamais pratiqu\u00e9 les sport d\u2019eaux vives ? Embarquez en raft pour une descente ludique en toute s\u00e9curit\u00e9. Vous voulez encore plus de sensations ? Testez l\u2019hydrospeed et le kayak gonflable !<\/strong><\/p>\n\n\n<div class=\"wp-block-image\">\n<figure class=\"aligncenter size-large\"><img loading=\"lazy\" decoding=\"async\" width=\"750\" height=\"400\" src=\"https:\/\/www.kappadev.fr\/htt_old\/files\/2011\/04\/Photo-1019.jpg\" alt=\"\" class=\"wp-image-1212\" srcset=\"https:\/\/www.kappadev.fr\/htt_old\/files\/2011\/04\/Photo-1019.jpg 750w, https:\/\/www.kappadev.fr\/htt_old\/files\/2011\/04\/Photo-1019-300x160.jpg 300w\" sizes=\"auto, (max-width: 750px) 100vw, 750px\" \/><\/figure>\n<\/div>\n\n\n<div style=\"height:20px\" aria-hidden=\"true\" class=\"wp-block-spacer\"><\/div>\n\n\n\n<h3 class=\"wp-block-heading\"><strong>La Durance&nbsp;:<\/strong><\/h3>\n\n\n\n<p class=\"has-normal-font-size\">Probablement la rivi\u00e8re la plus <strong>adapt\u00e9e \u00e0 la d\u00e9couverte<\/strong> des sports d\u2019eaux vives, la Durance coule dans une large vall\u00e9e ensoleill\u00e9e. Au rendez-vous&nbsp;? De jolis <strong>rapides de classe III<\/strong> pour les sensations et des <strong>zones plus calmes<\/strong> pour profiter du paysage et jouer avec les courants.<\/p>\n\n\n\n<h3 class=\"wp-block-heading\"><strong>L\u2019Ubaye&nbsp;:<\/strong><\/h3>\n\n\n\n<p class=\"has-normal-font-size\">De l\u2019Italie au lac de Serre-Pon\u00e7on, l\u2019Ubaye est une rivi\u00e8re aux multiples visages. <strong>D\u2019un c\u00f4t\u00e9<\/strong>, des <strong>parcours accessibles \u00e0 toute la famille<\/strong> dans une large vall\u00e9e ensoleill\u00e9e, <strong>de l\u2019autre<\/strong>, des <strong>parcours aux rapides de renomm\u00e9e internationale<\/strong> dans de magnifiques gorges encaiss\u00e9es. Un subtil m\u00e9lange qui fait de la vall\u00e9e de l\u2019Ubaye un spot \u00e0 ne surtout pas manquer&nbsp;!<\/p>\n\n\n\n<div style=\"height:20px\" aria-hidden=\"true\" class=\"wp-block-spacer\"><\/div>\n\n\n\n<h4 class=\"wp-block-heading\"><strong>RIVIERE &nbsp;DURANCE* :<\/strong><\/h4>\n\n\n\n<ul class=\"wp-block-list\">\n<li><strong>Rafting<\/strong>\u00a0Ch\u00e2teauroux \u2013 Embrun (8km, environ 2h)\u00a0: 39\u20ac \/ personne<\/li>\n\n\n\n<li><strong>Rafting<\/strong> \u00a0Saint-Cl\u00e9ment \u2013 Embrun (15km, environ 2h30) : \u00a045\u20ac \/ personne<\/li>\n\n\n\n<li><strong>Air Boat (kayak gonflable)<\/strong> Ch\u00e2teauroux \u2013 Embrun (8km, environ 2h) : 45\u20ac \/ personne<\/li>\n\n\n\n<li><strong>Air Boat (kayak gonflable)<\/strong> Saint-Cl\u00e9ment \u2013 Embrun (15km, environ 2h30) : 50\u20ac \/ personne<\/li>\n\n\n\n<li><strong>Hydrospeed<\/strong> Ch\u00e2teauroux \u2013 Embrun (8km, environ 2h) :45\u20ac \/ personne<\/li>\n<\/ul>\n\n\n\n<div style=\"height:20px\" aria-hidden=\"true\" class=\"wp-block-spacer\"><\/div>\n\n\n\n<h4 class=\"wp-block-heading\"><strong>RIVIERE UBAYE&nbsp;(Rivi\u00e8re sportive classe III, IV et V)*&nbsp;:<\/strong><\/h4>\n\n\n\n<ul class=\"wp-block-list\">\n<li><strong>Rafting<\/strong> :1\/2j 60\u20ac \/pers \/\/ journ\u00e9e : 115\u20ac\/pers<\/li>\n<\/ul>\n\n\n\n<figure class=\"wp-block-gallery has-nested-images columns-default is-cropped wp-block-gallery-1 is-layout-flex wp-block-gallery-is-layout-flex\">\n<figure class=\"wp-block-image size-large\"><img loading=\"lazy\" decoding=\"async\" width=\"750\" height=\"400\" data-id=\"1214\" src=\"https:\/\/www.kappadev.fr\/htt_old\/files\/2011\/04\/Photo-1095.jpg\" alt=\"\" class=\"wp-image-1214\" srcset=\"https:\/\/www.kappadev.fr\/htt_old\/files\/2011\/04\/Photo-1095.jpg 750w, https:\/\/www.kappadev.fr\/htt_old\/files\/2011\/04\/Photo-1095-300x160.jpg 300w\" sizes=\"auto, (max-width: 750px) 100vw, 750px\" \/><\/figure>\n\n\n\n<figure class=\"wp-block-image size-large\"><img loading=\"lazy\" decoding=\"async\" width=\"750\" height=\"400\" data-id=\"1213\" src=\"https:\/\/www.kappadev.fr\/htt_old\/files\/2011\/04\/Photo-1093.jpg\" alt=\"\" class=\"wp-image-1213\" srcset=\"https:\/\/www.kappadev.fr\/htt_old\/files\/2011\/04\/Photo-1093.jpg 750w, https:\/\/www.kappadev.fr\/htt_old\/files\/2011\/04\/Photo-1093-300x160.jpg 300w\" sizes=\"auto, (max-width: 750px) 100vw, 750px\" \/><\/figure>\n\n\n\n<figure class=\"wp-block-image size-large\"><img loading=\"lazy\" decoding=\"async\" width=\"750\" height=\"400\" data-id=\"1215\" src=\"https:\/\/www.kappadev.fr\/htt_old\/files\/2011\/04\/Photo-1134.jpg\" alt=\"\" class=\"wp-image-1215\" srcset=\"https:\/\/www.kappadev.fr\/htt_old\/files\/2011\/04\/Photo-1134.jpg 750w, https:\/\/www.kappadev.fr\/htt_old\/files\/2011\/04\/Photo-1134-300x160.jpg 300w\" sizes=\"auto, (max-width: 750px) 100vw, 750px\" \/><\/figure>\n<\/figure>\n\n\n\n<p><\/p>\n","protected":false},"excerpt":{"rendered":"<p>RAFTING \u2013 HYDROSPEED &#8211; AIRBOAT Vous n\u2019avez jamais pratiqu\u00e9 les sport d\u2019eaux vives ? Embarquez en raft pour une descente ludique en toute s\u00e9curit\u00e9. Vous voulez encore plus de sensations ? Testez l\u2019hydrospeed et le kayak gonflable ! La Durance&nbsp;: Probablement la rivi\u00e8re la plus adapt\u00e9e \u00e0 la d\u00e9couverte des sports d\u2019eaux vives, la Durance coule dans une large vall\u00e9e ensoleill\u00e9e. Au rendez-vous&nbsp;? De jolis rapides de classe III pour les sensations et des zones plus calmes pour profiter du paysage et jouer avec les courants. L\u2019Ubaye&nbsp;: De l\u2019Italie au lac de Serre-Pon\u00e7on, l\u2019Ubaye est une rivi\u00e8re aux multiples visages.Read more<\/p>\n","protected":false},"author":6,"featured_media":0,"parent":0,"menu_order":0,"comment_status":"closed","ping_status":"open","template":"","meta":{"footnotes":""},"class_list":["post-244","page","type-page","status-publish","hentry"],"_links":{"self":[{"href":"https:\/\/www.kappadev.fr\/htt_old\/wp-json\/wp\/v2\/pages\/244","targetHints":{"allow":["GET"]}}],"collection":[{"href":"https:\/\/www.kappadev.fr\/htt_old\/wp-json\/wp\/v2\/pages"}],"about":[{"href":"https:\/\/www.kappadev.fr\/htt_old\/wp-json\/wp\/v2\/types\/page"}],"author":[{"embeddable":true,"href":"https:\/\/www.kappadev.fr\/htt_old\/wp-json\/wp\/v2\/users\/6"}],"replies":[{"embeddable":true,"href":"https:\/\/www.kappadev.fr\/htt_old\/wp-json\/wp\/v2\/comments?post=244"}],"version-history":[{"count":0,"href":"https:\/\/www.kappadev.fr\/htt_old\/wp-json\/wp\/v2\/pages\/244\/revisions"}],"wp:attachment":[{"href":"https:\/\/www.kappadev.fr\/htt_old\/wp-json\/wp\/v2\/media?parent=244"}],"curies":[{"name":"wp","href":"https:\/\/api.w.org\/{rel}","templated":true}]}}