{"id":2131,"date":"2015-05-18T12:46:34","date_gmt":"2015-05-18T12:46:34","guid":{"rendered":"https:\/\/www.kappadev.fr\/htt_old\/?page_id=2131"},"modified":"2023-06-18T13:04:10","modified_gmt":"2023-06-18T13:04:10","slug":"stage-loupiot-4-a-7ans","status":"publish","type":"page","link":"https:\/\/www.kappadev.fr\/htt_old\/stage-loupiot-4-a-7ans\/","title":{"rendered":"Stage Loupiot 4 \u00e0 7ans"},"content":{"rendered":"\n<h1 class=\"wp-block-heading\"><strong>POUR LES LOUPIOTS : OBJECTIF \u00ab&nbsp;SANS LES ROULETTES&nbsp;!&nbsp;\u00bb<\/strong><\/h1>\n\n\n\n<div class=\"wp-block-spacer\" style=\"height: 20px\" aria-hidden=\"true\">\u00a0<\/div>\n\n\n\n<p class=\"has-normal-font-size\"><strong>Votre enfant n\u2019ose pas l\u00e2cher ses petites roulettes&nbsp;? Nous adaptons notre enseignement en cours particuliers pour les plus petits ! Sur un terrain stable et adapt\u00e9, nous apprenons \u00e0 votre tout petit \u00e0 manier son v\u00e9lo.<\/strong><\/p>\n\n\n\n<div class=\"wp-block-spacer\" style=\"height: 20px\" aria-hidden=\"true\">\u00a0<\/div>\n\n\n\n<figure class=\"wp-block-image size-large\"><img loading=\"lazy\" decoding=\"async\" width=\"1024\" height=\"768\" src=\"https:\/\/www.kappadev.fr\/htt_old\/files\/2020\/05\/IMG_3272-1-1024x768.jpg\" alt=\"\" class=\"wp-image-2925\" srcset=\"https:\/\/www.kappadev.fr\/htt_old\/files\/2020\/05\/IMG_3272-1-1024x768.jpg 1024w, https:\/\/www.kappadev.fr\/htt_old\/files\/2020\/05\/IMG_3272-1-300x225.jpg 300w, https:\/\/www.kappadev.fr\/htt_old\/files\/2020\/05\/IMG_3272-1-768x576.jpg 768w, https:\/\/www.kappadev.fr\/htt_old\/files\/2020\/05\/IMG_3272-1-1536x1152.jpg 1536w, https:\/\/www.kappadev.fr\/htt_old\/files\/2020\/05\/IMG_3272-1-2048x1536.jpg 2048w\" sizes=\"auto, (max-width: 1024px) 100vw, 1024px\" \/><\/figure>\n\n\n\n<div class=\"wp-block-spacer\" style=\"height: 20px\" aria-hidden=\"true\">\u00a0<\/div>\n\n\n\n<p class=\"has-normal-font-size\"><strong>\u00c2ge&nbsp;:<\/strong> de 4 \u00e0 7 ans<\/p>\n\n\n\n<p class=\"has-normal-font-size\"><strong>Formule \u00e0 l\u2019heure (v\u00e9lo, casque et gants, carnet de progression Loupiot\/Biclou*, m\u00e9daille Loupiot, plaque de cadre Loupiot inclus) :<\/strong><\/p>\n\n\n\n<ul class=\"wp-block-list\">\n<li>1h : 55\u20ac<\/li>\n\n\n\n<li>3 \u00d7 1h : 150\u20ac<\/li>\n\n\n\n<li>5 x 1h : 240\u20ac<\/li>\n<\/ul>\n\n\n\n<div class=\"wp-block-spacer\" style=\"height: 20px\" aria-hidden=\"true\">\u00a0<\/div>\n\n\n<div class=\"wp-block-image\">\n<figure class=\"aligncenter\"><a href=\"https:\/\/activiteez.com\/u\/HTT?minisitePref=list&amp;summary=STAGE%20LOUPIOT%204-7%20ans\"><img decoding=\"async\" src=\"https:\/\/www.kappadev.fr\/htt_old\/files\/2015\/03\/resa-bouton.png\" alt=\"\" class=\"wp-image-2020\" \/><\/a><\/figure>\n<\/div>\n\n\n<div class=\"wp-block-spacer\" style=\"height: 20px\" aria-hidden=\"true\">\u00a0<\/div>\n\n\n\n<p><em>* Le contenu du carnet est r\u00e9alis\u00e9 sous forme de coloriages et de d\u00e9coupages pour inciter l\u2019enfant \u00e0 utiliser son livret. Un texte d\u2019introduction en haut de chaque fiche permet aux parents de comprendre la situation p\u00e9dagogique et de raconter \u00e0 l\u2019enfant une histoire avec le Loupiot !<\/em><\/p>\n\n\n\n<div class=\"wp-block-spacer\" style=\"height: 20px\" aria-hidden=\"true\">\u00a0<\/div>\n\n\n\n<p class=\"has-text-align-center has-medium-font-size\">Pour tous renseignements, <a rel=\"noreferrer noopener\" href=\"https:\/\/www.kappadev.fr\/htt_old\/contact\/\" target=\"_blank\">contactez-nous<\/a> au 06 81 09 55 92<\/p>\n\n\n\n<div class=\"wp-block-spacer\" style=\"height: 20px\" aria-hidden=\"true\">\u00a0<\/div>\n","protected":false},"excerpt":{"rendered":"<p>POUR LES LOUPIOTS : OBJECTIF \u00ab&nbsp;SANS LES ROULETTES&nbsp;!&nbsp;\u00bb Votre enfant n\u2019ose pas l\u00e2cher ses petites roulettes&nbsp;? Nous adaptons notre enseignement en cours particuliers pour les plus petits ! Sur un terrain stable et adapt\u00e9, nous apprenons \u00e0 votre tout petit \u00e0 manier son v\u00e9lo. \u00c2ge&nbsp;: de 4 \u00e0 7 ans Formule \u00e0 l\u2019heure (v\u00e9lo, casque et gants, carnet de progression Loupiot\/Biclou*, m\u00e9daille Loupiot, plaque de cadre Loupiot inclus) : * Le contenu du carnet est r\u00e9alis\u00e9 sous forme de coloriages et de d\u00e9coupages pour inciter l\u2019enfant \u00e0 utiliser son livret. Un texte d\u2019introduction en haut de chaque fiche permet auxRead more<\/p>\n","protected":false},"author":6,"featured_media":0,"parent":0,"menu_order":0,"comment_status":"closed","ping_status":"open","template":"","meta":{"footnotes":""},"class_list":["post-2131","page","type-page","status-publish","hentry"],"_links":{"self":[{"href":"https:\/\/www.kappadev.fr\/htt_old\/wp-json\/wp\/v2\/pages\/2131","targetHints":{"allow":["GET"]}}],"collection":[{"href":"https:\/\/www.kappadev.fr\/htt_old\/wp-json\/wp\/v2\/pages"}],"about":[{"href":"https:\/\/www.kappadev.fr\/htt_old\/wp-json\/wp\/v2\/types\/page"}],"author":[{"embeddable":true,"href":"https:\/\/www.kappadev.fr\/htt_old\/wp-json\/wp\/v2\/users\/6"}],"replies":[{"embeddable":true,"href":"https:\/\/www.kappadev.fr\/htt_old\/wp-json\/wp\/v2\/comments?post=2131"}],"version-history":[{"count":0,"href":"https:\/\/www.kappadev.fr\/htt_old\/wp-json\/wp\/v2\/pages\/2131\/revisions"}],"wp:attachment":[{"href":"https:\/\/www.kappadev.fr\/htt_old\/wp-json\/wp\/v2\/media?parent=2131"}],"curies":[{"name":"wp","href":"https:\/\/api.w.org\/{rel}","templated":true}]}}